{"id":1537,"date":"2025-03-26T11:35:08","date_gmt":"2025-03-26T10:35:08","guid":{"rendered":"https:\/\/indabasolutions.com\/?page_id=1537"},"modified":"2025-03-26T11:49:42","modified_gmt":"2025-03-26T10:49:42","slug":"avis-legal","status":"publish","type":"page","link":"https:\/\/indabasolutions.com\/ca\/avis-legal\/","title":{"rendered":"Av\u00eds legal"},"content":{"rendered":"<p><strong>Introducci\u00f3n<\/strong><\/p>\n<p>En cumplimiento de la Ley 34\/2002, de 11 de julio, de Servicios de la Sociedad de la Informaci\u00f3n y de Comercio Electr\u00f3nico (LSSI-CE), INDABA SOLUTIONS SL informa que es titular del sitio web. De acuerdo con la exigencia del art\u00edculo 10 de la citada Ley, INDABA SOLUTIONS SL informa de los siguientes datos:<\/p>\n<p>RAZ\u00d3N SOCIAL: INDABA SOLUTIONS SL<br \/>\nNIF: B66603101<br \/>\nDOMINIO: www.indabasolutions.com<br \/>\nDIRECCI\u00d3N POSTAL: ENTEN\u00c7A 95 3 2,08015 BARCELONA(BARCELONA)<br \/>\nDIRECCI\u00d3N ELECTR\u00d3NICA: hola@indabasolutions.com<br \/>\nTEL\u00c9FONOS: 690859594<br \/>\nN.\u00ba REGISTRO\/DATOS ADICIONALES: Registro Mercantil de Barcelona, en el tomo 44985, folio 78, hoja 473283 e inscripci\u00f3n 1<\/p>\n<p><strong>Usuario y r\u00e9gimen de responsabilidades<\/strong><\/p>\n<p>La navegaci\u00f3n, acceso y uso por el sitio web de INDABA SOLUTIONS SL confiere la condici\u00f3n de usuario.<\/p>\n<p>El sitio web de INDABA SOLUTIONS SL proporciona gran diversidad de informaci\u00f3n, servicios y datos. El usuario asume su responsabilidad en el uso correcto del sitio web. Esta responsabilidad se extender\u00e1 a:<\/p>\n<ul>\n<li>La veracidad y licitud de las informaciones aportadas por el usuario en los formularios extendidos por INDABA SOLUTIONS SL para el acceso a ciertos contenidos o servicios ofrecidos por el web.<\/li>\n<li>El uso de la informaci\u00f3n, servicios y datos ofrecidos por INDABA SOLUTIONS SL contrariamente a lo dispuesto por las presentes condiciones, la Ley, la moral, las buenas costumbres o el orden p\u00fablico, o que de cualquier otro modo puedan suponer lesi\u00f3n de los derechos de terceros o del mismo funcionamiento del sitio web.<\/li>\n<\/ul>\n<p><strong>Pol\u00edtica de enlaces y exenciones de responsabilidad<\/strong><\/p>\n<p>INDABA SOLUTIONS SL no se hace responsable del contenido de los sitios web a los que el usuario pueda acceder a trav\u00e9s de los enlaces establecidos en su sitio web, siempre que no tenga conocimiento efectivo de que la actividad o la informaci\u00f3n a la que remite o recomienda es il\u00edcita o de que lesiona bienes o derechos de un tercero susceptibles de indemnizaci\u00f3n, o, en caso de tenerlo, act\u00fae con diligencia para suprimir o inutilizar el enlace correspondiente.<\/p>\n<p>Se entender\u00e1 que INDABA SOLUTIONS SL tiene el conocimiento efectivo a que se refiere el p\u00e1rrafo anterior cuando un \u00f3rgano competente haya declarado la ilicitud de los datos, ordenado su retirada o que se imposibilite el acceso a los mismos, o se hubiera declarado la existencia de la lesi\u00f3n, y INDABA SOLUTIONS SL conociera la correspondiente resoluci\u00f3n, sin perjuicio de los procedimientos de detecci\u00f3n y retirada de contenidos que INDABA SOLUTIONS SL aplique en virtud de acuerdos voluntarios y de otros medios de conocimiento efectivo que pudieran establecerse.<\/p>\n<p>INDABA SOLUTIONS SL declara haber adoptado todas las medidas necesarias para evitar cualquier da\u00f1o a los usuarios de su sitio web, que pudieran derivarse de la navegaci\u00f3n por su sitio web. En consecuencia, INDABA SOLUTIONS SL no se hace responsable, en ning\u00fan caso, de los eventuales da\u00f1os que por la navegaci\u00f3n por Internet pudiera sufrir el usuario. Asimismo, tampoco garantizar\u00e1 la disponibilidad t\u00e9cnica, exactitud, veracidad, validez o legalidad de sitios ajenos a su propiedad a los que se pueda acceder por medio de los enlaces.<\/p>\n<p><strong>Modificaciones<\/strong><\/p>\n<p>INDABA SOLUTIONS SL se reserva la facultad de efectuar, en cualquier momento y sin necesidad de previo aviso, modificaciones y actualizaciones de la informaci\u00f3n contenida en su sitio web o en la configuraci\u00f3n y presentaci\u00f3n de esta. Con objeto de mantener actualizada la informaci\u00f3n publicada, los contenidos del mismo podr\u00e1n ser modificados, corregidos, eliminados o a\u00f1adidos en cualquier momento, por cualquier forma admisible en derecho.<\/p>\n<p><strong>Indicaci\u00f3n de precios<\/strong><\/p>\n<p>En caso de que se muestren precios de productos y\/o servicios, los indicados en pantalla ser\u00e1n los vigentes en cada momento. Los precios ser\u00e1n indicados en euros y tendr\u00e1n incorporado el Impuesto sobre el Valor A\u00f1adido (IVA). En caso de que no se incorpore el IVA en el precio, se indicar\u00e1 de manera expresa y se permitir\u00e1 al usuario visualizar el precio final completo.<\/p>\n<p>Asimismo, si fuera aplicable cualquier otro impuesto, as\u00ed se indicar\u00eda, incluyendo, en su caso, el importe de los incrementos o descuentos que sean de aplicaci\u00f3n a la oferta y los gastos adicionales que puedan repercutir al consumidor o usuario.<\/p>\n<p><strong>Propiedad intelectual e industrial<\/strong><\/p>\n<p>INDABA SOLUTIONS SL por s\u00ed misma o como cesionaria, es titular de todos los derechos de propiedad intelectual e industrial de su p\u00e1gina web, as\u00ed como de los elementos contenidos en la misma (a t\u00edtulo enunciativo, im\u00e1genes, sonido, audio, v\u00eddeo, software o textos; marcas o logotipos, combinaciones de colores, estructura y dise\u00f1o, selecci\u00f3n de materiales usados, programas de ordenador necesarios para su funcionamiento, acceso y uso, etc.), titularidad de INDABA SOLUTIONS SL. Ser\u00e1n, por consiguiente, obras protegidas como propiedad intelectual por el ordenamiento jur\u00eddico espa\u00f1ol, si\u00e9ndoles aplicables tanto la normativa espa\u00f1ola y comunitaria en este campo, como los tratados internacionales relativos a la materia y suscritos por Espa\u00f1a.<\/p>\n<p>Todos los derechos reservados. En virtud de lo dispuesto en la Ley de Propiedad Intelectual, quedan expresamente prohibidas la reproducci\u00f3n, la distribuci\u00f3n y la comunicaci\u00f3n p\u00fablica, incluida su modalidad de puesta a disposici\u00f3n, de la totalidad o parte de los contenidos de esta p\u00e1gina web, con fines comerciales, en cualquier soporte y por cualquier medio t\u00e9cnico, sin la autorizaci\u00f3n de INDABA SOLUTIONS SL.<\/p>\n<p>El usuario se compromete a respetar los derechos de Propiedad Intelectual e Industrial titularidad de INDABA SOLUTIONS SL. Podr\u00e1 visualizar los elementos del portal e incluso imprimirlos, copiarlos y almacenarlos en el disco duro de su ordenador o en cualquier otro soporte f\u00edsico siempre y cuando sea, \u00fanica y exclusivamente, para su uso personal y privado. El usuario deber\u00e1 abstenerse de suprimir, alterar, eludir o manipular cualquier dispositivo de protecci\u00f3n o sistema de seguridad que estuviera instalado en las p\u00e1ginas de INDABA SOLUTIONS SL.<\/p>\n<p><strong>Acciones legales, legislaci\u00f3n aplicable y jurisdicci\u00f3n<\/strong><\/p>\n<p>Si el usuario desea presentar una reclamaci\u00f3n, deber\u00e1 contactar mediante el correo electr\u00f3nico X. Asimismo, INDABA SOLUTIONS SL dispone de hojas oficiales de reclamaci\u00f3n a disposici\u00f3n de los consumidores y usuarios.<\/p>\n<p>INDABA SOLUTIONS SL se reserva la facultad de presentar las acciones civiles o penales que considere oportunas por la utilizaci\u00f3n indebida de su sitio web y contenidos, o por el incumplimiento de las presentes condiciones.<\/p>\n<p>La relaci\u00f3n entre el usuario y el prestador se regir\u00e1 por la normativa vigente y de aplicaci\u00f3n en el territorio espa\u00f1ol. De surgir cualquier controversia las partes podr\u00e1n someter sus conflictos a arbitraje o acudir a la jurisdicci\u00f3n ordinaria cumpliendo con las normas sobre jurisdicci\u00f3n y competencia al respecto.<\/p>\n<p><strong>\u00daltima actualizaci\u00f3n: <\/strong>31 de octubre de 2024<\/p>\n<p><!-- notionvc: e726f2f7-94a5-48d3-ac7a-a066587ffb13 --><\/p>\n","protected":false},"excerpt":{"rendered":"<p>Introducci\u00f3n En cumplimiento de la Ley 34\/2002, de 11 de julio, de Servicios de la Sociedad de la Informaci\u00f3n y de Comercio Electr\u00f3nico (LSSI-CE), INDABA SOLUTIONS SL informa que es titular del sitio web. De acuerdo con la exigencia del art\u00edculo 10 de la citada Ley, INDABA SOLUTIONS SL informa de los siguientes datos: RAZ\u00d3N [&hellip;]<\/p>\n","protected":false},"author":1,"featured_media":0,"parent":0,"menu_order":0,"comment_status":"closed","ping_status":"closed","template":"","meta":{"ocean_post_layout":"","ocean_both_sidebars_style":"","ocean_both_sidebars_content_width":0,"ocean_both_sidebars_sidebars_width":0,"ocean_sidebar":"0","ocean_second_sidebar":"0","ocean_disable_margins":"enable","ocean_add_body_class":"","ocean_shortcode_before_top_bar":"","ocean_shortcode_after_top_bar":"","ocean_shortcode_before_header":"","ocean_shortcode_after_header":"","ocean_has_shortcode":"","ocean_shortcode_after_title":"","ocean_shortcode_before_footer_widgets":"","ocean_shortcode_after_footer_widgets":"","ocean_shortcode_before_footer_bottom":"","ocean_shortcode_after_footer_bottom":"","ocean_display_top_bar":"default","ocean_display_header":"default","ocean_header_style":"","ocean_center_header_left_menu":"0","ocean_custom_header_template":"0","ocean_custom_logo":0,"ocean_custom_retina_logo":0,"ocean_custom_logo_max_width":0,"ocean_custom_logo_tablet_max_width":0,"ocean_custom_logo_mobile_max_width":0,"ocean_custom_logo_max_height":0,"ocean_custom_logo_tablet_max_height":0,"ocean_custom_logo_mobile_max_height":0,"ocean_header_custom_menu":"0","ocean_menu_typo_font_family":"0","ocean_menu_typo_font_subset":"","ocean_menu_typo_font_size":0,"ocean_menu_typo_font_size_tablet":0,"ocean_menu_typo_font_size_mobile":0,"ocean_menu_typo_font_size_unit":"px","ocean_menu_typo_font_weight":"","ocean_menu_typo_font_weight_tablet":"","ocean_menu_typo_font_weight_mobile":"","ocean_menu_typo_transform":"","ocean_menu_typo_transform_tablet":"","ocean_menu_typo_transform_mobile":"","ocean_menu_typo_line_height":0,"ocean_menu_typo_line_height_tablet":0,"ocean_menu_typo_line_height_mobile":0,"ocean_menu_typo_line_height_unit":"","ocean_menu_typo_spacing":0,"ocean_menu_typo_spacing_tablet":0,"ocean_menu_typo_spacing_mobile":0,"ocean_menu_typo_spacing_unit":"","ocean_menu_link_color":"","ocean_menu_link_color_hover":"","ocean_menu_link_color_active":"","ocean_menu_link_background":"","ocean_menu_link_hover_background":"","ocean_menu_link_active_background":"","ocean_menu_social_links_bg":"","ocean_menu_social_hover_links_bg":"","ocean_menu_social_links_color":"","ocean_menu_social_hover_links_color":"","ocean_disable_title":"default","ocean_disable_heading":"default","ocean_post_title":"","ocean_post_subheading":"","ocean_post_title_style":"","ocean_post_title_background_color":"","ocean_post_title_background":0,"ocean_post_title_bg_image_position":"","ocean_post_title_bg_image_attachment":"","ocean_post_title_bg_image_repeat":"","ocean_post_title_bg_image_size":"","ocean_post_title_height":0,"ocean_post_title_bg_overlay":0.5,"ocean_post_title_bg_overlay_color":"","ocean_disable_breadcrumbs":"default","ocean_breadcrumbs_color":"","ocean_breadcrumbs_separator_color":"","ocean_breadcrumbs_links_color":"","ocean_breadcrumbs_links_hover_color":"","ocean_display_footer_widgets":"default","ocean_display_footer_bottom":"default","ocean_custom_footer_template":"0","omw_enable_modal_window":"enable","footnotes":""},"class_list":["post-1537","page","type-page","status-publish","hentry","entry"],"yoast_head":"<!-- This site is optimized with the Yoast SEO plugin v27.4 - https:\/\/yoast.com\/product\/yoast-seo-wordpress\/ -->\n<title>Av\u00eds legal - Indaba Solutions<\/title>\n<meta name=\"robots\" content=\"index, follow, max-snippet:-1, max-image-preview:large, max-video-preview:-1\" \/>\n<link rel=\"canonical\" href=\"https:\/\/indabasolutions.com\/ca\/avis-legal\/\" \/>\n<meta property=\"og:locale\" content=\"ca_ES\" \/>\n<meta property=\"og:type\" content=\"article\" \/>\n<meta property=\"og:title\" content=\"Av\u00eds legal - Indaba Solutions\" \/>\n<meta property=\"og:description\" content=\"Introducci\u00f3n En cumplimiento de la Ley 34\/2002, de 11 de julio, de Servicios de la Sociedad de la Informaci\u00f3n y de Comercio Electr\u00f3nico (LSSI-CE), INDABA SOLUTIONS SL informa que es titular del sitio web. De acuerdo con la exigencia del art\u00edculo 10 de la citada Ley, INDABA SOLUTIONS SL informa de los siguientes datos: RAZ\u00d3N [&hellip;]\" \/>\n<meta property=\"og:url\" content=\"https:\/\/indabasolutions.com\/ca\/avis-legal\/\" \/>\n<meta property=\"og:site_name\" content=\"Indaba Solutions\" \/>\n<meta property=\"article:publisher\" content=\"https:\/\/www.facebook.com\/IndabaSolutions-219937831906770\/?view_public_for=219937831906770\" \/>\n<meta property=\"article:modified_time\" content=\"2025-03-26T10:49:42+00:00\" \/>\n<meta name=\"twitter:card\" content=\"summary_large_image\" \/>\n<meta name=\"twitter:label1\" content=\"Temps estimat de lectura\" \/>\n\t<meta name=\"twitter:data1\" content=\"5 minuts\" \/>\n<script type=\"application\/ld+json\" class=\"yoast-schema-graph\">{\"@context\":\"https:\\\/\\\/schema.org\",\"@graph\":[{\"@type\":\"WebPage\",\"@id\":\"https:\\\/\\\/indabasolutions.com\\\/ca\\\/avis-legal\\\/\",\"url\":\"https:\\\/\\\/indabasolutions.com\\\/ca\\\/avis-legal\\\/\",\"name\":\"Av\u00eds legal - Indaba Solutions\",\"isPartOf\":{\"@id\":\"https:\\\/\\\/indabasolutions.com\\\/#website\"},\"datePublished\":\"2025-03-26T10:35:08+00:00\",\"dateModified\":\"2025-03-26T10:49:42+00:00\",\"breadcrumb\":{\"@id\":\"https:\\\/\\\/indabasolutions.com\\\/ca\\\/avis-legal\\\/#breadcrumb\"},\"inLanguage\":\"ca\",\"potentialAction\":[{\"@type\":\"ReadAction\",\"target\":[\"https:\\\/\\\/indabasolutions.com\\\/ca\\\/avis-legal\\\/\"]}]},{\"@type\":\"BreadcrumbList\",\"@id\":\"https:\\\/\\\/indabasolutions.com\\\/ca\\\/avis-legal\\\/#breadcrumb\",\"itemListElement\":[{\"@type\":\"ListItem\",\"position\":1,\"name\":\"Portada\",\"item\":\"https:\\\/\\\/indabasolutions.com\\\/en\\\/\"},{\"@type\":\"ListItem\",\"position\":2,\"name\":\"Av\u00eds legal\"}]},{\"@type\":\"WebSite\",\"@id\":\"https:\\\/\\\/indabasolutions.com\\\/#website\",\"url\":\"https:\\\/\\\/indabasolutions.com\\\/\",\"name\":\"Indaba Solutions\",\"description\":\"eCommerce, publicaciones din\u00e1micas y creatividad\",\"publisher\":{\"@id\":\"https:\\\/\\\/indabasolutions.com\\\/#organization\"},\"potentialAction\":[{\"@type\":\"SearchAction\",\"target\":{\"@type\":\"EntryPoint\",\"urlTemplate\":\"https:\\\/\\\/indabasolutions.com\\\/?s={search_term_string}\"},\"query-input\":{\"@type\":\"PropertyValueSpecification\",\"valueRequired\":true,\"valueName\":\"search_term_string\"}}],\"inLanguage\":\"ca\"},{\"@type\":\"Organization\",\"@id\":\"https:\\\/\\\/indabasolutions.com\\\/#organization\",\"name\":\"Indaba Solutions\",\"url\":\"https:\\\/\\\/indabasolutions.com\\\/\",\"logo\":{\"@type\":\"ImageObject\",\"inLanguage\":\"ca\",\"@id\":\"https:\\\/\\\/indabasolutions.com\\\/#\\\/schema\\\/logo\\\/image\\\/\",\"url\":\"https:\\\/\\\/indabasolutions.com\\\/wp-content\\\/uploads\\\/2019\\\/09\\\/logo-indabasolutions.svg\",\"contentUrl\":\"https:\\\/\\\/indabasolutions.com\\\/wp-content\\\/uploads\\\/2019\\\/09\\\/logo-indabasolutions.svg\",\"width\":1,\"height\":1,\"caption\":\"Indaba Solutions\"},\"image\":{\"@id\":\"https:\\\/\\\/indabasolutions.com\\\/#\\\/schema\\\/logo\\\/image\\\/\"},\"sameAs\":[\"https:\\\/\\\/www.facebook.com\\\/IndabaSolutions-219937831906770\\\/?view_public_for=219937831906770\",\"https:\\\/\\\/www.instagram.com\\\/indabasolutions\\\/\",\"https:\\\/\\\/www.linkedin.com\\\/company\\\/indaba-solutions-sl\",\"https:\\\/\\\/www.youtube.com\\\/channel\\\/UCyDePwuQl3rgO-HzCXKLs7Q\"]}]}<\/script>\n<!-- \/ Yoast SEO plugin. -->","yoast_head_json":{"title":"Av\u00eds legal - Indaba Solutions","robots":{"index":"index","follow":"follow","max-snippet":"max-snippet:-1","max-image-preview":"max-image-preview:large","max-video-preview":"max-video-preview:-1"},"canonical":"https:\/\/indabasolutions.com\/ca\/avis-legal\/","og_locale":"ca_ES","og_type":"article","og_title":"Av\u00eds legal - Indaba Solutions","og_description":"Introducci\u00f3n En cumplimiento de la Ley 34\/2002, de 11 de julio, de Servicios de la Sociedad de la Informaci\u00f3n y de Comercio Electr\u00f3nico (LSSI-CE), INDABA SOLUTIONS SL informa que es titular del sitio web. De acuerdo con la exigencia del art\u00edculo 10 de la citada Ley, INDABA SOLUTIONS SL informa de los siguientes datos: RAZ\u00d3N [&hellip;]","og_url":"https:\/\/indabasolutions.com\/ca\/avis-legal\/","og_site_name":"Indaba Solutions","article_publisher":"https:\/\/www.facebook.com\/IndabaSolutions-219937831906770\/?view_public_for=219937831906770","article_modified_time":"2025-03-26T10:49:42+00:00","twitter_card":"summary_large_image","twitter_misc":{"Temps estimat de lectura":"5 minuts"},"schema":{"@context":"https:\/\/schema.org","@graph":[{"@type":"WebPage","@id":"https:\/\/indabasolutions.com\/ca\/avis-legal\/","url":"https:\/\/indabasolutions.com\/ca\/avis-legal\/","name":"Av\u00eds legal - Indaba Solutions","isPartOf":{"@id":"https:\/\/indabasolutions.com\/#website"},"datePublished":"2025-03-26T10:35:08+00:00","dateModified":"2025-03-26T10:49:42+00:00","breadcrumb":{"@id":"https:\/\/indabasolutions.com\/ca\/avis-legal\/#breadcrumb"},"inLanguage":"ca","potentialAction":[{"@type":"ReadAction","target":["https:\/\/indabasolutions.com\/ca\/avis-legal\/"]}]},{"@type":"BreadcrumbList","@id":"https:\/\/indabasolutions.com\/ca\/avis-legal\/#breadcrumb","itemListElement":[{"@type":"ListItem","position":1,"name":"Portada","item":"https:\/\/indabasolutions.com\/en\/"},{"@type":"ListItem","position":2,"name":"Av\u00eds legal"}]},{"@type":"WebSite","@id":"https:\/\/indabasolutions.com\/#website","url":"https:\/\/indabasolutions.com\/","name":"Indaba Solutions","description":"eCommerce, publicaciones din\u00e1micas y creatividad","publisher":{"@id":"https:\/\/indabasolutions.com\/#organization"},"potentialAction":[{"@type":"SearchAction","target":{"@type":"EntryPoint","urlTemplate":"https:\/\/indabasolutions.com\/?s={search_term_string}"},"query-input":{"@type":"PropertyValueSpecification","valueRequired":true,"valueName":"search_term_string"}}],"inLanguage":"ca"},{"@type":"Organization","@id":"https:\/\/indabasolutions.com\/#organization","name":"Indaba Solutions","url":"https:\/\/indabasolutions.com\/","logo":{"@type":"ImageObject","inLanguage":"ca","@id":"https:\/\/indabasolutions.com\/#\/schema\/logo\/image\/","url":"https:\/\/indabasolutions.com\/wp-content\/uploads\/2019\/09\/logo-indabasolutions.svg","contentUrl":"https:\/\/indabasolutions.com\/wp-content\/uploads\/2019\/09\/logo-indabasolutions.svg","width":1,"height":1,"caption":"Indaba Solutions"},"image":{"@id":"https:\/\/indabasolutions.com\/#\/schema\/logo\/image\/"},"sameAs":["https:\/\/www.facebook.com\/IndabaSolutions-219937831906770\/?view_public_for=219937831906770","https:\/\/www.instagram.com\/indabasolutions\/","https:\/\/www.linkedin.com\/company\/indaba-solutions-sl","https:\/\/www.youtube.com\/channel\/UCyDePwuQl3rgO-HzCXKLs7Q"]}]}},"_links":{"self":[{"href":"https:\/\/indabasolutions.com\/ca\/wp-json\/wp\/v2\/pages\/1537","targetHints":{"allow":["GET"]}}],"collection":[{"href":"https:\/\/indabasolutions.com\/ca\/wp-json\/wp\/v2\/pages"}],"about":[{"href":"https:\/\/indabasolutions.com\/ca\/wp-json\/wp\/v2\/types\/page"}],"author":[{"embeddable":true,"href":"https:\/\/indabasolutions.com\/ca\/wp-json\/wp\/v2\/users\/1"}],"replies":[{"embeddable":true,"href":"https:\/\/indabasolutions.com\/ca\/wp-json\/wp\/v2\/comments?post=1537"}],"version-history":[{"count":2,"href":"https:\/\/indabasolutions.com\/ca\/wp-json\/wp\/v2\/pages\/1537\/revisions"}],"predecessor-version":[{"id":1540,"href":"https:\/\/indabasolutions.com\/ca\/wp-json\/wp\/v2\/pages\/1537\/revisions\/1540"}],"wp:attachment":[{"href":"https:\/\/indabasolutions.com\/ca\/wp-json\/wp\/v2\/media?parent=1537"}],"curies":[{"name":"wp","href":"https:\/\/api.w.org\/{rel}","templated":true}]}}