{"id":798,"date":"2019-11-25T11:13:31","date_gmt":"2019-11-25T10:13:31","guid":{"rendered":"https:\/\/indabasolutions.com\/software\/"},"modified":"2020-08-11T11:43:16","modified_gmt":"2020-08-11T09:43:16","slug":"software","status":"publish","type":"page","link":"https:\/\/indabasolutions.com\/ca\/software\/","title":{"rendered":"Software"},"content":{"rendered":"\t\t<div data-elementor-type=\"wp-page\" data-elementor-id=\"798\" class=\"elementor elementor-798 elementor-425\">\n\t\t\t\t\t\t<section class=\"elementor-section elementor-top-section elementor-element elementor-element-824763f bg-gris elementor-section-boxed elementor-section-height-default elementor-section-height-default\" data-id=\"824763f\" data-element_type=\"section\" data-e-type=\"section\">\n\t\t\t\t\t\t<div class=\"elementor-container elementor-column-gap-default\">\n\t\t\t\t\t<div class=\"elementor-column elementor-col-100 elementor-top-column elementor-element elementor-element-1d005b2\" data-id=\"1d005b2\" data-element_type=\"column\" data-e-type=\"column\">\n\t\t\t<div class=\"elementor-widget-wrap elementor-element-populated\">\n\t\t\t\t\t\t<div class=\"elementor-element elementor-element-75cf69d elementor-widget elementor-widget-heading\" data-id=\"75cf69d\" data-element_type=\"widget\" data-e-type=\"widget\" data-widget_type=\"heading.default\">\n\t\t\t\t<div class=\"elementor-widget-container\">\n\t\t\t\t\t<h1 class=\"elementor-heading-title elementor-size-default\"><span class=\"rosa\">Software<\/span><\/h1>\t\t\t\t<\/div>\n\t\t\t\t<\/div>\n\t\t\t\t<div class=\"elementor-element elementor-element-d481f01 elementor-widget elementor-widget-heading\" data-id=\"d481f01\" data-element_type=\"widget\" data-e-type=\"widget\" data-widget_type=\"heading.default\">\n\t\t\t\t<div class=\"elementor-widget-container\">\n\t\t\t\t\t<p class=\"elementor-heading-title elementor-size-default\">DESENVOLUPAMENT DE SOLUCIONS A MIDA<\/p>\t\t\t\t<\/div>\n\t\t\t\t<\/div>\n\t\t\t\t<div class=\"elementor-element elementor-element-7b2e682 elementor-widget elementor-widget-text-editor\" data-id=\"7b2e682\" data-element_type=\"widget\" data-e-type=\"widget\" data-widget_type=\"text-editor.default\">\n\t\t\t\t<div class=\"elementor-widget-container\">\n\t\t\t\t\t\t\t\t\t<p>Desenvolupem tota mena de solucions a mida en els diferents codis de programaci\u00f3. I en els casos en els quals fos necessari tamb\u00e9 oferim servei de manteniment web.<\/p>\t\t\t\t\t\t\t\t<\/div>\n\t\t\t\t<\/div>\n\t\t\t\t\t<\/div>\n\t\t<\/div>\n\t\t\t\t\t<\/div>\n\t\t<\/section>\n\t\t\t\t<section class=\"elementor-section elementor-top-section elementor-element elementor-element-9e87da7 seccion-card bg-gris elementor-section-boxed elementor-section-height-default elementor-section-height-default\" data-id=\"9e87da7\" data-element_type=\"section\" data-e-type=\"section\">\n\t\t\t\t\t\t<div class=\"elementor-container elementor-column-gap-default\">\n\t\t\t\t\t<div class=\"elementor-column elementor-col-50 elementor-top-column elementor-element elementor-element-d0327f5\" data-id=\"d0327f5\" data-element_type=\"column\" data-e-type=\"column\">\n\t\t\t<div class=\"elementor-widget-wrap elementor-element-populated\">\n\t\t\t\t\t\t<div class=\"elementor-element elementor-element-4bb5ae0 elementor-widget elementor-widget-image\" data-id=\"4bb5ae0\" data-element_type=\"widget\" data-e-type=\"widget\" data-widget_type=\"image.default\">\n\t\t\t\t<div class=\"elementor-widget-container\">\n\t\t\t\t\t\t\t\t\t\t\t\t\t\t\t<img fetchpriority=\"high\" decoding=\"async\" width=\"1024\" height=\"683\" src=\"https:\/\/indabasolutions.com\/wp-content\/uploads\/2019\/11\/desarrollo-aplicaciones.jpg\" class=\"attachment-large size-large wp-image-799\" alt=\"\" srcset=\"https:\/\/indabasolutions.com\/wp-content\/uploads\/2019\/11\/desarrollo-aplicaciones.jpg 1024w, https:\/\/indabasolutions.com\/wp-content\/uploads\/2019\/11\/desarrollo-aplicaciones-300x200.jpg 300w, https:\/\/indabasolutions.com\/wp-content\/uploads\/2019\/11\/desarrollo-aplicaciones-768x512.jpg 768w\" sizes=\"(max-width: 1024px) 100vw, 1024px\" \/>\t\t\t\t\t\t\t\t\t\t\t\t\t\t\t<\/div>\n\t\t\t\t<\/div>\n\t\t\t\t\t<\/div>\n\t\t<\/div>\n\t\t\t\t<div class=\"elementor-column elementor-col-50 elementor-top-column elementor-element elementor-element-a565a47\" data-id=\"a565a47\" data-element_type=\"column\" data-e-type=\"column\" data-settings=\"{&quot;background_background&quot;:&quot;classic&quot;}\">\n\t\t\t<div class=\"elementor-widget-wrap elementor-element-populated\">\n\t\t\t\t\t\t<div class=\"elementor-element elementor-element-ba5c50a elementor-widget elementor-widget-heading\" data-id=\"ba5c50a\" data-element_type=\"widget\" data-e-type=\"widget\" data-widget_type=\"heading.default\">\n\t\t\t\t<div class=\"elementor-widget-container\">\n\t\t\t\t\t<h2 class=\"elementor-heading-title elementor-size-default\">Desenvolupament d'aplicacions<\/h2>\t\t\t\t<\/div>\n\t\t\t\t<\/div>\n\t\t\t\t<div class=\"elementor-element elementor-element-c2407db elementor-widget-divider--view-line elementor-widget elementor-widget-divider\" data-id=\"c2407db\" data-element_type=\"widget\" data-e-type=\"widget\" data-widget_type=\"divider.default\">\n\t\t\t\t<div class=\"elementor-widget-container\">\n\t\t\t\t\t\t\t<div class=\"elementor-divider\">\n\t\t\t<span class=\"elementor-divider-separator\">\n\t\t\t\t\t\t<\/span>\n\t\t<\/div>\n\t\t\t\t\t\t<\/div>\n\t\t\t\t<\/div>\n\t\t\t\t<div class=\"elementor-element elementor-element-3a8e3e8 elementor-widget elementor-widget-text-editor\" data-id=\"3a8e3e8\" data-element_type=\"widget\" data-e-type=\"widget\" data-widget_type=\"text-editor.default\">\n\t\t\t\t<div class=\"elementor-widget-container\">\n\t\t\t\t\t\t\t\t\t<p>Comptem amb un equip altament qualificat i amb una \u00e0mplia experi\u00e8ncia en els seg\u00fcents llenguatges de programaci\u00f3: Java, PHP i ASP.NET. Desenvolupem solucions Mobile client\/servidor Web App i en codi natiu Java o Swift, i tant per a Android o iOS.<strong><br \/><\/strong><\/p>\t\t\t\t\t\t\t\t<\/div>\n\t\t\t\t<\/div>\n\t\t\t\t\t<\/div>\n\t\t<\/div>\n\t\t\t\t\t<\/div>\n\t\t<\/section>\n\t\t\t\t<section class=\"elementor-section elementor-top-section elementor-element elementor-element-c22f6a6 seccion-card bg-gris elementor-reverse-mobile elementor-section-boxed elementor-section-height-default elementor-section-height-default\" data-id=\"c22f6a6\" data-element_type=\"section\" data-e-type=\"section\">\n\t\t\t\t\t\t<div class=\"elementor-container elementor-column-gap-default\">\n\t\t\t\t\t<div class=\"elementor-column elementor-col-50 elementor-top-column elementor-element elementor-element-4076449\" data-id=\"4076449\" data-element_type=\"column\" data-e-type=\"column\" data-settings=\"{&quot;background_background&quot;:&quot;classic&quot;}\">\n\t\t\t<div class=\"elementor-widget-wrap elementor-element-populated\">\n\t\t\t\t\t\t<div class=\"elementor-element elementor-element-21fa934 elementor-widget elementor-widget-heading\" data-id=\"21fa934\" data-element_type=\"widget\" data-e-type=\"widget\" data-widget_type=\"heading.default\">\n\t\t\t\t<div class=\"elementor-widget-container\">\n\t\t\t\t\t<h2 class=\"elementor-heading-title elementor-size-default\">Servei de manteniment web<\/h2>\t\t\t\t<\/div>\n\t\t\t\t<\/div>\n\t\t\t\t<div class=\"elementor-element elementor-element-fab2213 elementor-widget-divider--view-line elementor-widget elementor-widget-divider\" data-id=\"fab2213\" data-element_type=\"widget\" data-e-type=\"widget\" data-widget_type=\"divider.default\">\n\t\t\t\t<div class=\"elementor-widget-container\">\n\t\t\t\t\t\t\t<div class=\"elementor-divider\">\n\t\t\t<span class=\"elementor-divider-separator\">\n\t\t\t\t\t\t<\/span>\n\t\t<\/div>\n\t\t\t\t\t\t<\/div>\n\t\t\t\t<\/div>\n\t\t\t\t<div class=\"elementor-element elementor-element-14f0db9 elementor-widget elementor-widget-text-editor\" data-id=\"14f0db9\" data-element_type=\"widget\" data-e-type=\"widget\" data-widget_type=\"text-editor.default\">\n\t\t\t\t<div class=\"elementor-widget-container\">\n\t\t\t\t\t\t\t\t\t<p>Oferim hosting i contracte de manteniment web sempre ajustant-nos a les necessitats del client.<\/p><p>Som especialistes en\u00a0CMS\u00a0WordPress, oferim un manteniment preventiu amb la realitzaci\u00f3 de c\u00f2pies de seguretat i seguiment, aix\u00ed com l&#8217;actualitzaci\u00f3 de les versions de WordPress, Plantilles i\u00a0Plugins.<\/p>\t\t\t\t\t\t\t\t<\/div>\n\t\t\t\t<\/div>\n\t\t\t\t\t<\/div>\n\t\t<\/div>\n\t\t\t\t<div class=\"elementor-column elementor-col-50 elementor-top-column elementor-element elementor-element-14a8b7f\" data-id=\"14a8b7f\" data-element_type=\"column\" data-e-type=\"column\">\n\t\t\t<div class=\"elementor-widget-wrap elementor-element-populated\">\n\t\t\t\t\t\t<div class=\"elementor-element elementor-element-2fc2145 elementor-widget elementor-widget-image\" data-id=\"2fc2145\" data-element_type=\"widget\" data-e-type=\"widget\" data-widget_type=\"image.default\">\n\t\t\t\t<div class=\"elementor-widget-container\">\n\t\t\t\t\t\t\t\t\t\t\t\t\t\t\t<img decoding=\"async\" width=\"768\" height=\"512\" src=\"https:\/\/indabasolutions.com\/wp-content\/uploads\/2019\/11\/Mantenimiento-web.jpg\" class=\"attachment-large size-large wp-image-800\" alt=\"\" srcset=\"https:\/\/indabasolutions.com\/wp-content\/uploads\/2019\/11\/Mantenimiento-web.jpg 768w, https:\/\/indabasolutions.com\/wp-content\/uploads\/2019\/11\/Mantenimiento-web-300x200.jpg 300w\" sizes=\"(max-width: 768px) 100vw, 768px\" \/>\t\t\t\t\t\t\t\t\t\t\t\t\t\t\t<\/div>\n\t\t\t\t<\/div>\n\t\t\t\t\t<\/div>\n\t\t<\/div>\n\t\t\t\t\t<\/div>\n\t\t<\/section>\n\t\t\t\t<\/div>\n\t\t","protected":false},"excerpt":{"rendered":"<p>Software DESENVOLUPAMENT DE SOLUCIONS A MIDA Desenvolupem tota mena de solucions a mida en els diferents codis de programaci\u00f3. I en els casos en els quals fos necessari tamb\u00e9 oferim servei de manteniment web. Desenvolupament d&#8217;aplicacions Comptem amb un equip altament qualificat i amb una \u00e0mplia experi\u00e8ncia en els seg\u00fcents llenguatges de programaci\u00f3: Java, PHP [&hellip;]<\/p>\n","protected":false},"author":1,"featured_media":800,"parent":0,"menu_order":0,"comment_status":"closed","ping_status":"closed","template":"","meta":{"ocean_post_layout":"full-screen","ocean_both_sidebars_style":"","ocean_both_sidebars_content_width":0,"ocean_both_sidebars_sidebars_width":0,"ocean_sidebar":"0","ocean_second_sidebar":"0","ocean_disable_margins":"enable","ocean_add_body_class":"","ocean_shortcode_before_top_bar":"","ocean_shortcode_after_top_bar":"","ocean_shortcode_before_header":"","ocean_shortcode_after_header":"","ocean_has_shortcode":"","ocean_shortcode_after_title":"","ocean_shortcode_before_footer_widgets":"","ocean_shortcode_after_footer_widgets":"","ocean_shortcode_before_footer_bottom":"","ocean_shortcode_after_footer_bottom":"","ocean_display_top_bar":"default","ocean_display_header":"default","ocean_header_style":"","ocean_center_header_left_menu":"0","ocean_custom_header_template":"0","ocean_custom_logo":33,"ocean_custom_retina_logo":0,"ocean_custom_logo_max_width":0,"ocean_custom_logo_tablet_max_width":0,"ocean_custom_logo_mobile_max_width":0,"ocean_custom_logo_max_height":0,"ocean_custom_logo_tablet_max_height":0,"ocean_custom_logo_mobile_max_height":0,"ocean_header_custom_menu":"0","ocean_menu_typo_font_family":"0","ocean_menu_typo_font_subset":"","ocean_menu_typo_font_size":0,"ocean_menu_typo_font_size_tablet":0,"ocean_menu_typo_font_size_mobile":0,"ocean_menu_typo_font_size_unit":"px","ocean_menu_typo_font_weight":"","ocean_menu_typo_font_weight_tablet":"","ocean_menu_typo_font_weight_mobile":"","ocean_menu_typo_transform":"","ocean_menu_typo_transform_tablet":"","ocean_menu_typo_transform_mobile":"","ocean_menu_typo_line_height":0,"ocean_menu_typo_line_height_tablet":0,"ocean_menu_typo_line_height_mobile":0,"ocean_menu_typo_line_height_unit":"","ocean_menu_typo_spacing":0,"ocean_menu_typo_spacing_tablet":0,"ocean_menu_typo_spacing_mobile":0,"ocean_menu_typo_spacing_unit":"","ocean_menu_link_color":"","ocean_menu_link_color_hover":"","ocean_menu_link_color_active":"","ocean_menu_link_background":"","ocean_menu_link_hover_background":"","ocean_menu_link_active_background":"","ocean_menu_social_links_bg":"","ocean_menu_social_hover_links_bg":"","ocean_menu_social_links_color":"","ocean_menu_social_hover_links_color":"","ocean_disable_title":"on","ocean_disable_heading":"default","ocean_post_title":"","ocean_post_subheading":"","ocean_post_title_style":"","ocean_post_title_background_color":"","ocean_post_title_background":0,"ocean_post_title_bg_image_position":"","ocean_post_title_bg_image_attachment":"","ocean_post_title_bg_image_repeat":"","ocean_post_title_bg_image_size":"","ocean_post_title_height":0,"ocean_post_title_bg_overlay":0.5,"ocean_post_title_bg_overlay_color":"","ocean_disable_breadcrumbs":"default","ocean_breadcrumbs_color":"","ocean_breadcrumbs_separator_color":"","ocean_breadcrumbs_links_color":"","ocean_breadcrumbs_links_hover_color":"","ocean_display_footer_widgets":"default","ocean_display_footer_bottom":"default","ocean_custom_footer_template":"0","omw_enable_modal_window":"enable","footnotes":""},"class_list":["post-798","page","type-page","status-publish","has-post-thumbnail","hentry","entry","has-media"],"yoast_head":"<!-- This site is optimized with the Yoast SEO plugin v27.4 - https:\/\/yoast.com\/product\/yoast-seo-wordpress\/ -->\n<title>Software - Indaba Solutions<\/title>\n<meta name=\"description\" content=\"Desarrollamos todo tipo de soluciones a medida en los distintos c\u00f3digos de programaci\u00f3n. Adem\u00e1s, si es necesario, realizamos servicios de mantenimiento web.\" \/>\n<meta name=\"robots\" content=\"index, follow, max-snippet:-1, max-image-preview:large, max-video-preview:-1\" \/>\n<link rel=\"canonical\" href=\"https:\/\/indabasolutions.com\/ca\/software\/\" \/>\n<meta property=\"og:locale\" content=\"ca_ES\" \/>\n<meta property=\"og:type\" content=\"article\" \/>\n<meta property=\"og:title\" content=\"Software - Indaba Solutions\" \/>\n<meta property=\"og:description\" content=\"Desarrollamos todo tipo de soluciones a medida en los distintos c\u00f3digos de programaci\u00f3n. Adem\u00e1s, si es necesario, realizamos servicios de mantenimiento web.\" \/>\n<meta property=\"og:url\" content=\"https:\/\/indabasolutions.com\/ca\/software\/\" \/>\n<meta property=\"og:site_name\" content=\"Indaba Solutions\" \/>\n<meta property=\"article:publisher\" content=\"https:\/\/www.facebook.com\/IndabaSolutions-219937831906770\/?view_public_for=219937831906770\" \/>\n<meta property=\"article:modified_time\" content=\"2020-08-11T09:43:16+00:00\" \/>\n<meta property=\"og:image\" content=\"https:\/\/indabasolutions.com\/wp-content\/uploads\/2019\/11\/Mantenimiento-web.jpg\" \/>\n\t<meta property=\"og:image:width\" content=\"768\" \/>\n\t<meta property=\"og:image:height\" content=\"512\" \/>\n\t<meta property=\"og:image:type\" content=\"image\/jpeg\" \/>\n<meta name=\"twitter:card\" content=\"summary_large_image\" \/>\n<meta name=\"twitter:label1\" content=\"Temps estimat de lectura\" \/>\n\t<meta name=\"twitter:data1\" content=\"1 minut\" \/>\n<script type=\"application\/ld+json\" class=\"yoast-schema-graph\">{\"@context\":\"https:\\\/\\\/schema.org\",\"@graph\":[{\"@type\":\"WebPage\",\"@id\":\"https:\\\/\\\/indabasolutions.com\\\/ca\\\/software\\\/\",\"url\":\"https:\\\/\\\/indabasolutions.com\\\/ca\\\/software\\\/\",\"name\":\"Software - Indaba Solutions\",\"isPartOf\":{\"@id\":\"https:\\\/\\\/indabasolutions.com\\\/#website\"},\"primaryImageOfPage\":{\"@id\":\"https:\\\/\\\/indabasolutions.com\\\/ca\\\/software\\\/#primaryimage\"},\"image\":{\"@id\":\"https:\\\/\\\/indabasolutions.com\\\/ca\\\/software\\\/#primaryimage\"},\"thumbnailUrl\":\"https:\\\/\\\/indabasolutions.com\\\/wp-content\\\/uploads\\\/2019\\\/11\\\/Mantenimiento-web.jpg\",\"datePublished\":\"2019-11-25T10:13:31+00:00\",\"dateModified\":\"2020-08-11T09:43:16+00:00\",\"description\":\"Desarrollamos todo tipo de soluciones a medida en los distintos c\u00f3digos de programaci\u00f3n. Adem\u00e1s, si es necesario, realizamos servicios de mantenimiento web.\",\"breadcrumb\":{\"@id\":\"https:\\\/\\\/indabasolutions.com\\\/ca\\\/software\\\/#breadcrumb\"},\"inLanguage\":\"ca\",\"potentialAction\":[{\"@type\":\"ReadAction\",\"target\":[\"https:\\\/\\\/indabasolutions.com\\\/ca\\\/software\\\/\"]}]},{\"@type\":\"ImageObject\",\"inLanguage\":\"ca\",\"@id\":\"https:\\\/\\\/indabasolutions.com\\\/ca\\\/software\\\/#primaryimage\",\"url\":\"https:\\\/\\\/indabasolutions.com\\\/wp-content\\\/uploads\\\/2019\\\/11\\\/Mantenimiento-web.jpg\",\"contentUrl\":\"https:\\\/\\\/indabasolutions.com\\\/wp-content\\\/uploads\\\/2019\\\/11\\\/Mantenimiento-web.jpg\",\"width\":768,\"height\":512},{\"@type\":\"BreadcrumbList\",\"@id\":\"https:\\\/\\\/indabasolutions.com\\\/ca\\\/software\\\/#breadcrumb\",\"itemListElement\":[{\"@type\":\"ListItem\",\"position\":1,\"name\":\"Portada\",\"item\":\"https:\\\/\\\/indabasolutions.com\\\/en\\\/\"},{\"@type\":\"ListItem\",\"position\":2,\"name\":\"Software\"}]},{\"@type\":\"WebSite\",\"@id\":\"https:\\\/\\\/indabasolutions.com\\\/#website\",\"url\":\"https:\\\/\\\/indabasolutions.com\\\/\",\"name\":\"Indaba Solutions\",\"description\":\"eCommerce, publicaciones din\u00e1micas y creatividad\",\"publisher\":{\"@id\":\"https:\\\/\\\/indabasolutions.com\\\/#organization\"},\"potentialAction\":[{\"@type\":\"SearchAction\",\"target\":{\"@type\":\"EntryPoint\",\"urlTemplate\":\"https:\\\/\\\/indabasolutions.com\\\/?s={search_term_string}\"},\"query-input\":{\"@type\":\"PropertyValueSpecification\",\"valueRequired\":true,\"valueName\":\"search_term_string\"}}],\"inLanguage\":\"ca\"},{\"@type\":\"Organization\",\"@id\":\"https:\\\/\\\/indabasolutions.com\\\/#organization\",\"name\":\"Indaba Solutions\",\"url\":\"https:\\\/\\\/indabasolutions.com\\\/\",\"logo\":{\"@type\":\"ImageObject\",\"inLanguage\":\"ca\",\"@id\":\"https:\\\/\\\/indabasolutions.com\\\/#\\\/schema\\\/logo\\\/image\\\/\",\"url\":\"https:\\\/\\\/indabasolutions.com\\\/wp-content\\\/uploads\\\/2019\\\/09\\\/logo-indabasolutions.svg\",\"contentUrl\":\"https:\\\/\\\/indabasolutions.com\\\/wp-content\\\/uploads\\\/2019\\\/09\\\/logo-indabasolutions.svg\",\"width\":1,\"height\":1,\"caption\":\"Indaba Solutions\"},\"image\":{\"@id\":\"https:\\\/\\\/indabasolutions.com\\\/#\\\/schema\\\/logo\\\/image\\\/\"},\"sameAs\":[\"https:\\\/\\\/www.facebook.com\\\/IndabaSolutions-219937831906770\\\/?view_public_for=219937831906770\",\"https:\\\/\\\/www.instagram.com\\\/indabasolutions\\\/\",\"https:\\\/\\\/www.linkedin.com\\\/company\\\/indaba-solutions-sl\",\"https:\\\/\\\/www.youtube.com\\\/channel\\\/UCyDePwuQl3rgO-HzCXKLs7Q\"]}]}<\/script>\n<!-- \/ Yoast SEO plugin. -->","yoast_head_json":{"title":"Software - Indaba Solutions","description":"Desarrollamos todo tipo de soluciones a medida en los distintos c\u00f3digos de programaci\u00f3n. Adem\u00e1s, si es necesario, realizamos servicios de mantenimiento web.","robots":{"index":"index","follow":"follow","max-snippet":"max-snippet:-1","max-image-preview":"max-image-preview:large","max-video-preview":"max-video-preview:-1"},"canonical":"https:\/\/indabasolutions.com\/ca\/software\/","og_locale":"ca_ES","og_type":"article","og_title":"Software - Indaba Solutions","og_description":"Desarrollamos todo tipo de soluciones a medida en los distintos c\u00f3digos de programaci\u00f3n. Adem\u00e1s, si es necesario, realizamos servicios de mantenimiento web.","og_url":"https:\/\/indabasolutions.com\/ca\/software\/","og_site_name":"Indaba Solutions","article_publisher":"https:\/\/www.facebook.com\/IndabaSolutions-219937831906770\/?view_public_for=219937831906770","article_modified_time":"2020-08-11T09:43:16+00:00","og_image":[{"width":768,"height":512,"url":"https:\/\/indabasolutions.com\/wp-content\/uploads\/2019\/11\/Mantenimiento-web.jpg","type":"image\/jpeg"}],"twitter_card":"summary_large_image","twitter_misc":{"Temps estimat de lectura":"1 minut"},"schema":{"@context":"https:\/\/schema.org","@graph":[{"@type":"WebPage","@id":"https:\/\/indabasolutions.com\/ca\/software\/","url":"https:\/\/indabasolutions.com\/ca\/software\/","name":"Software - Indaba Solutions","isPartOf":{"@id":"https:\/\/indabasolutions.com\/#website"},"primaryImageOfPage":{"@id":"https:\/\/indabasolutions.com\/ca\/software\/#primaryimage"},"image":{"@id":"https:\/\/indabasolutions.com\/ca\/software\/#primaryimage"},"thumbnailUrl":"https:\/\/indabasolutions.com\/wp-content\/uploads\/2019\/11\/Mantenimiento-web.jpg","datePublished":"2019-11-25T10:13:31+00:00","dateModified":"2020-08-11T09:43:16+00:00","description":"Desarrollamos todo tipo de soluciones a medida en los distintos c\u00f3digos de programaci\u00f3n. Adem\u00e1s, si es necesario, realizamos servicios de mantenimiento web.","breadcrumb":{"@id":"https:\/\/indabasolutions.com\/ca\/software\/#breadcrumb"},"inLanguage":"ca","potentialAction":[{"@type":"ReadAction","target":["https:\/\/indabasolutions.com\/ca\/software\/"]}]},{"@type":"ImageObject","inLanguage":"ca","@id":"https:\/\/indabasolutions.com\/ca\/software\/#primaryimage","url":"https:\/\/indabasolutions.com\/wp-content\/uploads\/2019\/11\/Mantenimiento-web.jpg","contentUrl":"https:\/\/indabasolutions.com\/wp-content\/uploads\/2019\/11\/Mantenimiento-web.jpg","width":768,"height":512},{"@type":"BreadcrumbList","@id":"https:\/\/indabasolutions.com\/ca\/software\/#breadcrumb","itemListElement":[{"@type":"ListItem","position":1,"name":"Portada","item":"https:\/\/indabasolutions.com\/en\/"},{"@type":"ListItem","position":2,"name":"Software"}]},{"@type":"WebSite","@id":"https:\/\/indabasolutions.com\/#website","url":"https:\/\/indabasolutions.com\/","name":"Indaba Solutions","description":"eCommerce, publicaciones din\u00e1micas y creatividad","publisher":{"@id":"https:\/\/indabasolutions.com\/#organization"},"potentialAction":[{"@type":"SearchAction","target":{"@type":"EntryPoint","urlTemplate":"https:\/\/indabasolutions.com\/?s={search_term_string}"},"query-input":{"@type":"PropertyValueSpecification","valueRequired":true,"valueName":"search_term_string"}}],"inLanguage":"ca"},{"@type":"Organization","@id":"https:\/\/indabasolutions.com\/#organization","name":"Indaba Solutions","url":"https:\/\/indabasolutions.com\/","logo":{"@type":"ImageObject","inLanguage":"ca","@id":"https:\/\/indabasolutions.com\/#\/schema\/logo\/image\/","url":"https:\/\/indabasolutions.com\/wp-content\/uploads\/2019\/09\/logo-indabasolutions.svg","contentUrl":"https:\/\/indabasolutions.com\/wp-content\/uploads\/2019\/09\/logo-indabasolutions.svg","width":1,"height":1,"caption":"Indaba Solutions"},"image":{"@id":"https:\/\/indabasolutions.com\/#\/schema\/logo\/image\/"},"sameAs":["https:\/\/www.facebook.com\/IndabaSolutions-219937831906770\/?view_public_for=219937831906770","https:\/\/www.instagram.com\/indabasolutions\/","https:\/\/www.linkedin.com\/company\/indaba-solutions-sl","https:\/\/www.youtube.com\/channel\/UCyDePwuQl3rgO-HzCXKLs7Q"]}]}},"_links":{"self":[{"href":"https:\/\/indabasolutions.com\/ca\/wp-json\/wp\/v2\/pages\/798","targetHints":{"allow":["GET"]}}],"collection":[{"href":"https:\/\/indabasolutions.com\/ca\/wp-json\/wp\/v2\/pages"}],"about":[{"href":"https:\/\/indabasolutions.com\/ca\/wp-json\/wp\/v2\/types\/page"}],"author":[{"embeddable":true,"href":"https:\/\/indabasolutions.com\/ca\/wp-json\/wp\/v2\/users\/1"}],"replies":[{"embeddable":true,"href":"https:\/\/indabasolutions.com\/ca\/wp-json\/wp\/v2\/comments?post=798"}],"version-history":[{"count":3,"href":"https:\/\/indabasolutions.com\/ca\/wp-json\/wp\/v2\/pages\/798\/revisions"}],"predecessor-version":[{"id":858,"href":"https:\/\/indabasolutions.com\/ca\/wp-json\/wp\/v2\/pages\/798\/revisions\/858"}],"wp:featuredmedia":[{"embeddable":true,"href":"https:\/\/indabasolutions.com\/ca\/wp-json\/wp\/v2\/media\/800"}],"wp:attachment":[{"href":"https:\/\/indabasolutions.com\/ca\/wp-json\/wp\/v2\/media?parent=798"}],"curies":[{"name":"wp","href":"https:\/\/api.w.org\/{rel}","templated":true}]}}