{"id":875,"date":"2020-08-20T10:46:09","date_gmt":"2020-08-20T08:46:09","guid":{"rendered":"https:\/\/indabasolutions.com\/?page_id=875"},"modified":"2025-03-26T11:53:32","modified_gmt":"2025-03-26T10:53:32","slug":"politica-de-cookies","status":"publish","type":"page","link":"https:\/\/indabasolutions.com\/ca\/politica-de-cookies\/","title":{"rendered":"Pol\u00edtica de cookies"},"content":{"rendered":"\r\n<p>De conformitat amb el que estableix la Llei 34\/2002, de 11 de juliol, de Serveis de la Societat de la Informaci\u00f3 i de Comer\u00e7 Electr\u00f2nic, i el Reglament (UE) 2016\/679 de el Parlament Europeu i de Consell de 27 d&#8217;abril de 2016, informem als interessats sobre les cookies que fa servir aquest lloc web.<\/p>\r\n\r\n\r\n\r\n<h4 class=\"wp-block-heading\"><strong>Qu\u00e8 s\u00f3n les cookies?<\/strong><\/h4>\r\n\r\n\r\n\r\n<p>Una Cookie \u00e9s un fitxer que es descarrega al seu ordinador a l&#8217;accedir a determinades p\u00e0gines web. Les cookies permeten a una p\u00e0gina web, entre altres coses, emmagatzemar i recuperar informaci\u00f3 sobre els h\u00e0bits de navegaci\u00f3 d&#8217;un usuari o del seu equip i, depenent de la informaci\u00f3 que contingui i de la forma en qu\u00e8 utilitzi el seu equip, es poden utilitzar per recon\u00e8ixer a l&#8217;usuari.<\/p>\r\n\r\n\r\n\r\n<p>Les cookies s\u00f3n essencials per al funcionament d&#8217;internet, aportant innombrables avantatges en la prestaci\u00f3 de serveis interactius, facilitant la navegaci\u00f3 i usabilitat de la nostra web.<\/p>\r\n\r\n\r\n\r\n<p>La informaci\u00f3 que li proporcionem a continuaci\u00f3, l&#8217;ajudar\u00e0 a comprendre els diferents tipus de cookies:<\/p>\r\n\r\n\r\n\r\n<h4 class=\"wp-block-heading\"><strong>Quins tipus de cookies utilitza aquesta p\u00e0gina web?<\/strong><\/h4>\r\n\r\n\r\n\r\n<p>Seguint les directrius de l&#8217;Ag\u00e8ncia Espanyola de Protecci\u00f3 de Dades, procedim a detallar l&#8217;\u00fas de les cookies que aquesta p\u00e0gina web fa servir, per tal de proporcionar-li la m\u00e0xima informaci\u00f3 possible.<\/p>\r\n\r\n\r\n\r\n<h5 class=\"wp-block-heading\"><strong>Cookies Pr\u00f2pies<\/strong><\/h5>\r\n\r\n\r\n\r\n<p>S\u00f3n aquelles que s&#8217;envien a l&#8217;equip terminal de l&#8217;usuari des d&#8217;un equip o domini gestionat pel propi editor i des del qual es presta el servei sol\u00b7licitat per l&#8217;usuari.<\/p>\r\n\r\n\r\n\r\n<p>A continuaci\u00f3 la llista de les que utilitzem:<\/p>\r\n\r\n\r\n\r\n<figure class=\"wp-block-table\">\r\n<table>\r\n<tbody>\r\n<tr>\r\n<td><strong>Nom<\/strong><\/td>\r\n<td><strong>Tip<\/strong>us<\/td>\r\n<td><strong>Prove\u00efdor<\/strong><\/td>\r\n<td><strong>Finalitat<\/strong><\/td>\r\n<\/tr>\r\n<tr>\r\n<td>_icl_current_language<\/td>\r\n<td>T\u00e8cnica<\/td>\r\n<td>wpml.org<\/td>\r\n<td>Guardar l&#8217;idioma actiu<\/td>\r\n<\/tr>\r\n<tr>\r\n<td>_icl_current_admin_language_{hash}<\/td>\r\n<td>T\u00e8cnica<\/td>\r\n<td>wpml.org<\/td>\r\n<td>Guardar l&#8217;idioma de l&#8217;\u00e0rea d&#8217;administraci\u00f3 de WordPress<\/td>\r\n<\/tr>\r\n<tr>\r\n<td>_icl_visitor_lang_js<\/td>\r\n<td>T\u00e8cnica<\/td>\r\n<td>wpml.org<\/td>\r\n<td>Guardar l&#8217;idioma redirigit<\/td>\r\n<\/tr>\r\n<tr>\r\n<td>wpml_browser_redirect_test<\/td>\r\n<td>T\u00e8cnica<\/td>\r\n<td>wpml.org<\/td>\r\n<td>Comprovar si les cookies estan actives<\/td>\r\n<\/tr>\r\n<tr>\r\n<td>wpml_referer_url<\/td>\r\n<td>T\u00e8cnica<\/td>\r\n<td>wpml.org<\/td>\r\n<td>Guardar l&#8217;\u00faltima petici\u00f3 URL al front end<\/td>\r\n<\/tr>\r\n<tr>\r\n<td>wpml_admin_referer_url<\/td>\r\n<td>T\u00e8cnica<\/td>\r\n<td>wpml.org<\/td>\r\n<td>Guardar l&#8217;\u00faltima petici\u00f3 URL al back end<\/td>\r\n<\/tr>\r\n<tr>\r\n<td>ct-ultimate-gdpr-cookie, ct-ultimate-gdpr-cookie-level<\/td>\r\n<td>T\u00e8cnica<\/td>\r\n<td>Ultimate GDPR<\/td>\r\n<td>Recollir l&#8217;acceptaci\u00f3 de la pol\u00edtica de cookies.<\/td>\r\n<\/tr>\r\n<\/tbody>\r\n<\/table>\r\n<\/figure>\r\n\r\n\r\n\r\n<h5 class=\"wp-block-heading\"><strong>Cookies de tercers<\/strong><\/h5>\r\n\r\n\r\n\r\n<p>S\u00f3n aquelles que s&#8217;envien a l&#8217;equip terminal de l&#8217;usuari des d&#8217;un equip o domini que no \u00e9s gestionat per l&#8217;editor, sin\u00f3 per una altra entitat que tracta les dades obtingudes mitjan\u00e7ant les cookies.<\/p>\r\n\r\n\r\n\r\n<p>A continuaci\u00f3 la llista de les que utilitzem:<\/p>\r\n\r\n\r\n\r\n<figure class=\"wp-block-table\">\r\n<table>\r\n<tbody>\r\n<tr>\r\n<td><strong>Nom<\/strong><\/td>\r\n<td><strong>Tip<\/strong>us<\/td>\r\n<td><strong>Prove\u00efdor<\/strong><\/td>\r\n<td><strong>Finali<\/strong>tat<\/td>\r\n<\/tr>\r\n<tr>\r\n<td>Google Analytics (_ga, _gid)<\/td>\r\n<td>Anal\u00edtica<\/td>\r\n<td>Google<\/td>\r\n<td>Informes estad\u00edstics sobre el tr\u00e0nsit del lloc web, la seva audi\u00e8ncia total i l&#8217;audi\u00e8ncia en una determinada campanya publicit\u00e0ria<\/td>\r\n<\/tr>\r\n<\/tbody>\r\n<\/table>\r\n<\/figure>\r\n\r\n\r\n\r\n<p><strong>INDABA SOLUTIONS SL<\/strong> no es fa responsable, en cap cas, ni de contingut ni de la veracitat de les pol\u00edtiques i \/ o condicions d&#8217;\u00fas i privacitat dels tercers, inclosos, a trav\u00e9s dels enlla\u00e7os, en aquesta pol\u00edtica.<\/p>\r\n<p><a href=\"#cookiesAndContentPolicySettings\">Editar la configuraci\u00f3<\/a><\/p>\r\n\r\n\r\n\r\n<h4 class=\"wp-block-heading\"><strong>Com bloquejar o eliminar les cookies instal\u00b7lades<\/strong><\/h4>\r\n\r\n\r\n\r\n<p>Podeu permetre, bloquejar o eliminar les cookies instal\u00b7lades en el vostre equip mitjan\u00e7ant la configuraci\u00f3 de les opcions del seu navegador. Podeu trobar informaci\u00f3 sobre com fer-ho, en relaci\u00f3 amb els navegadors m\u00e9s comuns en els enlla\u00e7os que s&#8217;inclouen a continuaci\u00f3:<\/p>\r\n\r\n\r\n\r\n<ul class=\"wp-block-list\">\r\n<li>Explorer: <a href=\"https:\/\/support.microsoft.com\/es-es\/kb\/278835\">https:\/\/support.microsoft.com\/es-es\/kb\/278835<\/a><\/li>\r\n<li>Microsoft Edge<strong>: <\/strong><a href=\"https:\/\/privacy.microsoft.com\/es-es\/windows-10-microsoft-edge-and-privacy\">https:\/\/privacy.microsoft.com\/es-es\/windows-10-microsoft-edge-and-privacy<\/a><\/li>\r\n<li>Chrome:<a href=\"http:\/\/support.google.com\/chrome\/bin\/answer.py?hl=es&amp;answer=95647\">https:\/\/support.google.com\/chrome\/answer\/95647?co=GENIE.Platform%3DDesktop&amp;hl=esttp:\/\/support.google.com\/chrome\/bin\/answer.py?hl=es&amp;answer=95647<\/a><\/li>\r\n<li>Firefox: <a href=\"http:\/\/support.mozilla.org\/es\/kb\/Borrar%20cookies\">http:\/\/support.mozilla.org\/es\/kb\/Borrar%20cookies<\/a><\/li>\r\n<li>Safari: <a href=\"http:\/\/support.apple.com\/kb\/ph5042\">http:\/\/support.apple.com\/kb\/ph5042<\/a>.<\/li>\r\n<\/ul>\r\n\r\n\r\n\r\n<p>L&#8217;informem, per\u00f2, de la possibilitat de que la desactivaci\u00f3 d&#8217;alguna galeta impedeixi o dificulti la navegaci\u00f3 o la prestaci\u00f3 dels serveis oferts a la p\u00e0gina web.<\/p>\r\n\r\n\r\n\r\n<h4 class=\"wp-block-heading\"><strong>Modificacions<\/strong><\/h4>\r\n\r\n\r\n\r\n<p>La present pol\u00edtica de cookies es pot veure modificada en funci\u00f3 de les exig\u00e8ncies legals establertes o amb la finalitat d&#8217;adaptar aquesta pol\u00edtica a les instruccions dictades per l&#8217;Ag\u00e8ncia Espanyola de Protecci\u00f3 de Dades.<\/p>\r\n\r\n\r\n\r\n<p>Per aquesta ra\u00f3, aconsellem als usuaris visitar peri\u00f2dicament la nostra pol\u00edtica de cookies.<\/p>\r\n\r\n\r\n\r\n<p>Quan es produeixin canvis significatius en aquesta pol\u00edtica, en la mesura de les nostres possibilitats, comunicarem als usuaris aquests canvis mitjan\u00e7ant un av\u00eds a la nostra p\u00e0gina web.<\/p>\r\n\r\n\r\n\r\n<p>Si t\u00e9 dubtes sobre aquesta pol\u00edtica de cookies, pot contactar amb INDABA SOLUTIONS SL a trav\u00e9s del correu electr\u00f2nic <a href=\"mailto:hola@indabasolutions.com\" target=\"_blank\" rel=\"noreferrer noopener\" aria-label=\"hola@indabasolutions.com (se abre en una nueva pesta\u00f1a)\">hola@indabasolutions.com<\/a><\/p>\r\n","protected":false},"excerpt":{"rendered":"<p>De conformitat amb el que estableix la Llei 34\/2002, de 11 de juliol, de Serveis de la Societat de la Informaci\u00f3 i de Comer\u00e7 Electr\u00f2nic, i el Reglament (UE) 2016\/679 de el Parlament Europeu i de Consell de 27 d&#8217;abril de 2016, informem als interessats sobre les cookies que fa servir aquest lloc web. Qu\u00e8 [&hellip;]<\/p>\n","protected":false},"author":1,"featured_media":0,"parent":0,"menu_order":0,"comment_status":"closed","ping_status":"closed","template":"","meta":{"ocean_post_layout":"","ocean_both_sidebars_style":"","ocean_both_sidebars_content_width":0,"ocean_both_sidebars_sidebars_width":0,"ocean_sidebar":"0","ocean_second_sidebar":"0","ocean_disable_margins":"enable","ocean_add_body_class":"","ocean_shortcode_before_top_bar":"","ocean_shortcode_after_top_bar":"","ocean_shortcode_before_header":"","ocean_shortcode_after_header":"","ocean_has_shortcode":"","ocean_shortcode_after_title":"","ocean_shortcode_before_footer_widgets":"","ocean_shortcode_after_footer_widgets":"","ocean_shortcode_before_footer_bottom":"","ocean_shortcode_after_footer_bottom":"","ocean_display_top_bar":"default","ocean_display_header":"default","ocean_header_style":"","ocean_center_header_left_menu":"0","ocean_custom_header_template":"0","ocean_custom_logo":0,"ocean_custom_retina_logo":0,"ocean_custom_logo_max_width":0,"ocean_custom_logo_tablet_max_width":0,"ocean_custom_logo_mobile_max_width":0,"ocean_custom_logo_max_height":0,"ocean_custom_logo_tablet_max_height":0,"ocean_custom_logo_mobile_max_height":0,"ocean_header_custom_menu":"0","ocean_menu_typo_font_family":"0","ocean_menu_typo_font_subset":"","ocean_menu_typo_font_size":0,"ocean_menu_typo_font_size_tablet":0,"ocean_menu_typo_font_size_mobile":0,"ocean_menu_typo_font_size_unit":"px","ocean_menu_typo_font_weight":"","ocean_menu_typo_font_weight_tablet":"","ocean_menu_typo_font_weight_mobile":"","ocean_menu_typo_transform":"","ocean_menu_typo_transform_tablet":"","ocean_menu_typo_transform_mobile":"","ocean_menu_typo_line_height":0,"ocean_menu_typo_line_height_tablet":0,"ocean_menu_typo_line_height_mobile":0,"ocean_menu_typo_line_height_unit":"","ocean_menu_typo_spacing":0,"ocean_menu_typo_spacing_tablet":0,"ocean_menu_typo_spacing_mobile":0,"ocean_menu_typo_spacing_unit":"","ocean_menu_link_color":"","ocean_menu_link_color_hover":"","ocean_menu_link_color_active":"","ocean_menu_link_background":"","ocean_menu_link_hover_background":"","ocean_menu_link_active_background":"","ocean_menu_social_links_bg":"","ocean_menu_social_hover_links_bg":"","ocean_menu_social_links_color":"","ocean_menu_social_hover_links_color":"","ocean_disable_title":"default","ocean_disable_heading":"default","ocean_post_title":"","ocean_post_subheading":"","ocean_post_title_style":"","ocean_post_title_background_color":"","ocean_post_title_background":0,"ocean_post_title_bg_image_position":"","ocean_post_title_bg_image_attachment":"","ocean_post_title_bg_image_repeat":"","ocean_post_title_bg_image_size":"","ocean_post_title_height":0,"ocean_post_title_bg_overlay":0.5,"ocean_post_title_bg_overlay_color":"","ocean_disable_breadcrumbs":"default","ocean_breadcrumbs_color":"","ocean_breadcrumbs_separator_color":"","ocean_breadcrumbs_links_color":"","ocean_breadcrumbs_links_hover_color":"","ocean_display_footer_widgets":"default","ocean_display_footer_bottom":"default","ocean_custom_footer_template":"0","omw_enable_modal_window":"enable","footnotes":""},"class_list":["post-875","page","type-page","status-publish","hentry","entry"],"yoast_head":"<!-- This site is optimized with the Yoast SEO plugin v27.4 - https:\/\/yoast.com\/product\/yoast-seo-wordpress\/ -->\n<title>Pol\u00edtica de cookies - Indaba Solutions<\/title>\n<meta name=\"robots\" content=\"noindex, nofollow\" \/>\n<meta property=\"og:locale\" content=\"ca_ES\" \/>\n<meta property=\"og:type\" content=\"article\" \/>\n<meta property=\"og:title\" content=\"Pol\u00edtica de cookies - Indaba Solutions\" \/>\n<meta property=\"og:description\" content=\"De conformitat amb el que estableix la Llei 34\/2002, de 11 de juliol, de Serveis de la Societat de la Informaci\u00f3 i de Comer\u00e7 Electr\u00f2nic, i el Reglament (UE) 2016\/679 de el Parlament Europeu i de Consell de 27 d&#8217;abril de 2016, informem als interessats sobre les cookies que fa servir aquest lloc web. Qu\u00e8 [&hellip;]\" \/>\n<meta property=\"og:url\" content=\"https:\/\/indabasolutions.com\/ca\/politica-de-cookies\/\" \/>\n<meta property=\"og:site_name\" content=\"Indaba Solutions\" \/>\n<meta property=\"article:publisher\" content=\"https:\/\/www.facebook.com\/IndabaSolutions-219937831906770\/?view_public_for=219937831906770\" \/>\n<meta property=\"article:modified_time\" content=\"2025-03-26T10:53:32+00:00\" \/>\n<meta name=\"twitter:card\" content=\"summary_large_image\" \/>\n<meta name=\"twitter:label1\" content=\"Temps estimat de lectura\" \/>\n\t<meta name=\"twitter:data1\" content=\"3 minuts\" \/>\n<script type=\"application\/ld+json\" class=\"yoast-schema-graph\">{\"@context\":\"https:\\\/\\\/schema.org\",\"@graph\":[{\"@type\":\"WebPage\",\"@id\":\"https:\\\/\\\/indabasolutions.com\\\/ca\\\/politica-de-cookies\\\/\",\"url\":\"https:\\\/\\\/indabasolutions.com\\\/ca\\\/politica-de-cookies\\\/\",\"name\":\"Pol\u00edtica de cookies - Indaba Solutions\",\"isPartOf\":{\"@id\":\"https:\\\/\\\/indabasolutions.com\\\/#website\"},\"datePublished\":\"2020-08-20T08:46:09+00:00\",\"dateModified\":\"2025-03-26T10:53:32+00:00\",\"breadcrumb\":{\"@id\":\"https:\\\/\\\/indabasolutions.com\\\/ca\\\/politica-de-cookies\\\/#breadcrumb\"},\"inLanguage\":\"ca\",\"potentialAction\":[{\"@type\":\"ReadAction\",\"target\":[\"https:\\\/\\\/indabasolutions.com\\\/ca\\\/politica-de-cookies\\\/\"]}]},{\"@type\":\"BreadcrumbList\",\"@id\":\"https:\\\/\\\/indabasolutions.com\\\/ca\\\/politica-de-cookies\\\/#breadcrumb\",\"itemListElement\":[{\"@type\":\"ListItem\",\"position\":1,\"name\":\"Portada\",\"item\":\"https:\\\/\\\/indabasolutions.com\\\/en\\\/\"},{\"@type\":\"ListItem\",\"position\":2,\"name\":\"Pol\u00edtica de cookies\"}]},{\"@type\":\"WebSite\",\"@id\":\"https:\\\/\\\/indabasolutions.com\\\/#website\",\"url\":\"https:\\\/\\\/indabasolutions.com\\\/\",\"name\":\"Indaba Solutions\",\"description\":\"eCommerce, publicaciones din\u00e1micas y creatividad\",\"publisher\":{\"@id\":\"https:\\\/\\\/indabasolutions.com\\\/#organization\"},\"potentialAction\":[{\"@type\":\"SearchAction\",\"target\":{\"@type\":\"EntryPoint\",\"urlTemplate\":\"https:\\\/\\\/indabasolutions.com\\\/?s={search_term_string}\"},\"query-input\":{\"@type\":\"PropertyValueSpecification\",\"valueRequired\":true,\"valueName\":\"search_term_string\"}}],\"inLanguage\":\"ca\"},{\"@type\":\"Organization\",\"@id\":\"https:\\\/\\\/indabasolutions.com\\\/#organization\",\"name\":\"Indaba Solutions\",\"url\":\"https:\\\/\\\/indabasolutions.com\\\/\",\"logo\":{\"@type\":\"ImageObject\",\"inLanguage\":\"ca\",\"@id\":\"https:\\\/\\\/indabasolutions.com\\\/#\\\/schema\\\/logo\\\/image\\\/\",\"url\":\"https:\\\/\\\/indabasolutions.com\\\/wp-content\\\/uploads\\\/2019\\\/09\\\/logo-indabasolutions.svg\",\"contentUrl\":\"https:\\\/\\\/indabasolutions.com\\\/wp-content\\\/uploads\\\/2019\\\/09\\\/logo-indabasolutions.svg\",\"width\":1,\"height\":1,\"caption\":\"Indaba Solutions\"},\"image\":{\"@id\":\"https:\\\/\\\/indabasolutions.com\\\/#\\\/schema\\\/logo\\\/image\\\/\"},\"sameAs\":[\"https:\\\/\\\/www.facebook.com\\\/IndabaSolutions-219937831906770\\\/?view_public_for=219937831906770\",\"https:\\\/\\\/www.instagram.com\\\/indabasolutions\\\/\",\"https:\\\/\\\/www.linkedin.com\\\/company\\\/indaba-solutions-sl\",\"https:\\\/\\\/www.youtube.com\\\/channel\\\/UCyDePwuQl3rgO-HzCXKLs7Q\"]}]}<\/script>\n<!-- \/ Yoast SEO plugin. -->","yoast_head_json":{"title":"Pol\u00edtica de cookies - Indaba Solutions","robots":{"index":"noindex","follow":"nofollow"},"og_locale":"ca_ES","og_type":"article","og_title":"Pol\u00edtica de cookies - Indaba Solutions","og_description":"De conformitat amb el que estableix la Llei 34\/2002, de 11 de juliol, de Serveis de la Societat de la Informaci\u00f3 i de Comer\u00e7 Electr\u00f2nic, i el Reglament (UE) 2016\/679 de el Parlament Europeu i de Consell de 27 d&#8217;abril de 2016, informem als interessats sobre les cookies que fa servir aquest lloc web. Qu\u00e8 [&hellip;]","og_url":"https:\/\/indabasolutions.com\/ca\/politica-de-cookies\/","og_site_name":"Indaba Solutions","article_publisher":"https:\/\/www.facebook.com\/IndabaSolutions-219937831906770\/?view_public_for=219937831906770","article_modified_time":"2025-03-26T10:53:32+00:00","twitter_card":"summary_large_image","twitter_misc":{"Temps estimat de lectura":"3 minuts"},"schema":{"@context":"https:\/\/schema.org","@graph":[{"@type":"WebPage","@id":"https:\/\/indabasolutions.com\/ca\/politica-de-cookies\/","url":"https:\/\/indabasolutions.com\/ca\/politica-de-cookies\/","name":"Pol\u00edtica de cookies - Indaba Solutions","isPartOf":{"@id":"https:\/\/indabasolutions.com\/#website"},"datePublished":"2020-08-20T08:46:09+00:00","dateModified":"2025-03-26T10:53:32+00:00","breadcrumb":{"@id":"https:\/\/indabasolutions.com\/ca\/politica-de-cookies\/#breadcrumb"},"inLanguage":"ca","potentialAction":[{"@type":"ReadAction","target":["https:\/\/indabasolutions.com\/ca\/politica-de-cookies\/"]}]},{"@type":"BreadcrumbList","@id":"https:\/\/indabasolutions.com\/ca\/politica-de-cookies\/#breadcrumb","itemListElement":[{"@type":"ListItem","position":1,"name":"Portada","item":"https:\/\/indabasolutions.com\/en\/"},{"@type":"ListItem","position":2,"name":"Pol\u00edtica de cookies"}]},{"@type":"WebSite","@id":"https:\/\/indabasolutions.com\/#website","url":"https:\/\/indabasolutions.com\/","name":"Indaba Solutions","description":"eCommerce, publicaciones din\u00e1micas y creatividad","publisher":{"@id":"https:\/\/indabasolutions.com\/#organization"},"potentialAction":[{"@type":"SearchAction","target":{"@type":"EntryPoint","urlTemplate":"https:\/\/indabasolutions.com\/?s={search_term_string}"},"query-input":{"@type":"PropertyValueSpecification","valueRequired":true,"valueName":"search_term_string"}}],"inLanguage":"ca"},{"@type":"Organization","@id":"https:\/\/indabasolutions.com\/#organization","name":"Indaba Solutions","url":"https:\/\/indabasolutions.com\/","logo":{"@type":"ImageObject","inLanguage":"ca","@id":"https:\/\/indabasolutions.com\/#\/schema\/logo\/image\/","url":"https:\/\/indabasolutions.com\/wp-content\/uploads\/2019\/09\/logo-indabasolutions.svg","contentUrl":"https:\/\/indabasolutions.com\/wp-content\/uploads\/2019\/09\/logo-indabasolutions.svg","width":1,"height":1,"caption":"Indaba Solutions"},"image":{"@id":"https:\/\/indabasolutions.com\/#\/schema\/logo\/image\/"},"sameAs":["https:\/\/www.facebook.com\/IndabaSolutions-219937831906770\/?view_public_for=219937831906770","https:\/\/www.instagram.com\/indabasolutions\/","https:\/\/www.linkedin.com\/company\/indaba-solutions-sl","https:\/\/www.youtube.com\/channel\/UCyDePwuQl3rgO-HzCXKLs7Q"]}]}},"_links":{"self":[{"href":"https:\/\/indabasolutions.com\/ca\/wp-json\/wp\/v2\/pages\/875","targetHints":{"allow":["GET"]}}],"collection":[{"href":"https:\/\/indabasolutions.com\/ca\/wp-json\/wp\/v2\/pages"}],"about":[{"href":"https:\/\/indabasolutions.com\/ca\/wp-json\/wp\/v2\/types\/page"}],"author":[{"embeddable":true,"href":"https:\/\/indabasolutions.com\/ca\/wp-json\/wp\/v2\/users\/1"}],"replies":[{"embeddable":true,"href":"https:\/\/indabasolutions.com\/ca\/wp-json\/wp\/v2\/comments?post=875"}],"version-history":[{"count":2,"href":"https:\/\/indabasolutions.com\/ca\/wp-json\/wp\/v2\/pages\/875\/revisions"}],"predecessor-version":[{"id":1543,"href":"https:\/\/indabasolutions.com\/ca\/wp-json\/wp\/v2\/pages\/875\/revisions\/1543"}],"wp:attachment":[{"href":"https:\/\/indabasolutions.com\/ca\/wp-json\/wp\/v2\/media?parent=875"}],"curies":[{"name":"wp","href":"https:\/\/api.w.org\/{rel}","templated":true}]}}