{"id":606,"date":"2020-01-15T17:19:35","date_gmt":"2020-01-15T16:19:35","guid":{"rendered":"https:\/\/indabasolutions.com\/?page_id=606"},"modified":"2020-05-06T14:37:09","modified_gmt":"2020-05-06T12:37:09","slug":"privacy-policy","status":"publish","type":"page","link":"https:\/\/indabasolutions.com\/en\/privacy-policy\/","title":{"rendered":"Privacy Policy"},"content":{"rendered":"\n<p>En cumplimiento de la Ley 34\/2002, de 11 de julio, de Servicios de la Sociedad de la Informaci\u00f3n y de Comercio Electr\u00f3nico (LSSI-CE), INDABA SOLUTIONS SL informa que es titular del sitio web www.indabasolutions.com . De acuerdo con la exigencia del art\u00edculo 10 de la citada Ley, INDABA SOLUTIONS SL informa de los siguientes datos:<\/p>\n\n\n\n<p>El titular de este sitio web es INDABA SOLUTIONS SL, con CIF B66603101 y domicilio social en ENTEN\u00c7A 95 3 2 08015, BARCELONA, inscrita en el Registro Mercantil, en el tomo 44985, folio 78, hoja 473283 e inscripci\u00f3n 1. La direcci\u00f3n de correo electr\u00f3nico de contacto con la empresa es: <a href=\"mailto:hola@indabasolutions.com\">hola@indabasolutions.com<\/a><\/p>\n\n\n\n<h2 class=\"wp-block-heading\">Usuario y r\u00e9gimen de responsabilidades<\/h2>\n\n\n\n<p>La navegaci\u00f3n, acceso y uso por el sitio web de INDABA SOLUTIONS SL\nconfiere la condici\u00f3n de usuario, por la que se aceptan, desde la navegaci\u00f3n\npor el sitio web de INDABA SOLUTIONS SL, todas las condiciones de uso aqu\u00ed\nestablecidas sin perjuicio de la aplicaci\u00f3n de la correspondiente normativa de\nobligado cumplimiento legal seg\u00fan el caso.<\/p>\n\n\n\n<p>El sitio web de INDABA SOLUTIONS SL proporciona gran diversidad de\ninformaci\u00f3n, servicios y datos. El usuario asume su responsabilidad en el uso\ncorrecto del sitio web. Esta responsabilidad se extender\u00e1 a:<\/p>\n\n\n\n<ul class=\"wp-block-list\"><li>La veracidad y licitud de las informaciones aportadas\npor el usuario en los formularios extendidos por INDABA SOLUTIONS SL para el\nacceso a ciertos contenidos o servicios ofrecidos por el web.<ul><li>El uso de la informaci\u00f3n, servicios y datos ofrecidos\npor INDABA SOLUTIONS SL contrariamente a lo dispuesto por las presentes\ncondiciones, la Ley, la moral, las buenas costumbres o el orden p\u00fablico, o que\nde cualquier otro modo puedan suponer lesi\u00f3n de los derechos de terceros o del\nmismo funcionamiento del sitio web.<\/li><\/ul><\/li><\/ul>\n\n\n\n<h2 class=\"wp-block-heading\">Pol\u00edtica\nde enlaces y exenciones de responsabilidad<\/h2>\n\n\n\n<p>INDABA SOLUTIONS SL no se hace responsable del contenido de los sitios\nweb a los que el usuario pueda acceder a trav\u00e9s de los enlaces establecidos en\nsu sitio web y declara que en ning\u00fan caso proceder\u00e1 a examinar o ejercitar\nning\u00fan tipo de control sobre el contenido de otros sitios de la red. Asimismo,\ntampoco garantizar\u00e1 la disponibilidad t\u00e9cnica, exactitud, veracidad, validez o\nlegalidad de sitios ajenos a su propiedad a los que se pueda acceder por medio\nde los enlaces.<\/p>\n\n\n\n<p>INDABA SOLUTIONS SL declara haber adoptado todas las medidas necesarias\npara evitar cualquier da\u00f1o a los usuarios de su sitio web, que pudieran\nderivarse de la navegaci\u00f3n por su sitio web. En consecuencia, INDABA SOLUTIONS\nSL no se hace responsable, en ning\u00fan caso, de los eventuales da\u00f1os que por la\nnavegaci\u00f3n por Internet pudiera sufrir el usuario.<br><\/p>\n\n\n\n<h2 class=\"wp-block-heading\">Modificaciones<\/h2>\n\n\n\n<p>INDABA SOLUTIONS SL se reserva el derecho a realizar las modificaciones\nque considere oportunas, sin aviso previo, en el contenido de su sitio web.\nTanto en lo referente a los contenidos del sitio web, como en las condiciones\nde uso del mismo. Dichas modificaciones podr\u00e1n realizarse a trav\u00e9s de su sitio\nweb por cualquier forma admisible en derecho y ser\u00e1n de obligado cumplimiento\ndurante el tiempo en que se encuentren publicadas en la web y hasta que no sean\nmodificadas v\u00e1lidamente por otras posteriores.<\/p>\n\n\n\n<h2 class=\"wp-block-heading\">Protecci\u00f3n de datos<\/h2>\n\n\n\n<p>De conformidad con lo establecido en la normativa vigente en Protecci\u00f3n\nde Datos de Car\u00e1cter Personal, le informamos que sus datos ser\u00e1n incorporados\nal sistema de tratamiento titularidad de INDABA SOLUTIONS SL con CIF B66603101\ny domicilio social sito en ENTEN\u00c7A 95 3 2 08015, BARCELONA, con la finalidad de\npoder facilitar, agilizar y cumplir los compromisos establecidos entre ambas\npartes. En cumplimiento con la normativa vigente, INDABA SOLUTIONS SL informa\nque los datos ser\u00e1n conservados durante el plazo estrictamente necesario para\ncumplir con los preceptos mencionados con anterioridad.<\/p>\n\n\n\n<p>Le informamos que el tratamiento\nde sus datos est\u00e1 legitimado por su consentimiento.<\/p>\n\n\n\n<p>INDABA SOLUTIONS SL informa que proceder\u00e1 a tratar los datos de manera\nl\u00edcita, leal, transparente, adecuada, pertinente, limitada, exacta y\nactualizada. Es por ello que INDABA SOLUTIONS SL se compromete a adoptar todas\nlas medidas razonables para que estos se supriman o rectifiquen sin dilaci\u00f3n\ncuando sean inexactos.<\/p>\n\n\n\n<p>De acuerdo con los derechos que le confiere el la normativa vigente en protecci\u00f3n de datos podr\u00e1 ejercer los derechos de acceso, rectificaci\u00f3n, limitaci\u00f3n de tratamiento, supresi\u00f3n, portabilidad y oposici\u00f3n al tratamiento de sus datos de car\u00e1cter personal as\u00ed como del consentimiento prestado para el tratamiento de los mismos, dirigiendo su petici\u00f3n a la direcci\u00f3n postal indicada m\u00e1s arriba o al correo electr\u00f3nico <a href=\"mailto:hola@indabasolutions.com\">hola@indabasolutions.com<\/a>.<\/p>\n\n\n\n<p>Podr\u00e1 dirigirse a la Autoridad de Control competente para presentar la\nreclamaci\u00f3n que considere oportuna.<\/p>\n\n\n\n<h2 class=\"wp-block-heading\">Certificado\nSSL (Secure Sockets Layer)<\/h2>\n\n\n\n<p>El CERTIFICADO SSL proporciona autenticaci\u00f3n, privacidad y seguridad de\nla informaci\u00f3n entre INDABA SOLUTIONS SL y el usuario.<\/p>\n\n\n\n<p>INDABA SOLUTIONS SL dispone de un certificado de seguridad que se utiliza\npor CERTIFICADO SSL para realizar conexiones seguras.<\/p>\n\n\n\n<p>En este proceso se establecen varios par\u00e1metros para realizar la conexi\u00f3n\nde forma segura y se establece usando llaves preestablecidas, codificando y\ndescodificando todos los datos enviados hasta que la conexi\u00f3n sea cerrada.<br><\/p>\n\n\n\n<h2 class=\"wp-block-heading\">Propiedad\nintelectual e industrial<\/h2>\n\n\n\n<p>INDABA SOLUTIONS SL por s\u00ed misma o como cesionaria, es titular de todos\nlos derechos de propiedad intelectual e industrial de su p\u00e1gina web, as\u00ed como\nde los elementos contenidos en la misma (a t\u00edtulo enunciativo, im\u00e1genes,\nsonido, audio, v\u00eddeo, software o textos; marcas o logotipos, combinaciones de\ncolores, estructura y dise\u00f1o, selecci\u00f3n de materiales usados, programas de\nordenador necesarios para su funcionamiento, acceso y uso, etc.), titularidad\nde INDABA SOLUTIONS SL. Ser\u00e1n, por consiguiente, obras protegidas como\npropiedad intelectual por el ordenamiento jur\u00eddico espa\u00f1ol, si\u00e9ndoles\naplicables tanto la normativa espa\u00f1ola y comunitaria en este campo, como los\ntratados internacionales relativos a la materia y suscritos por Espa\u00f1a.<\/p>\n\n\n\n<p>Todos los derechos reservados. En virtud de lo dispuesto en la Ley de\nPropiedad Intelectual, quedan expresamente prohibidas la reproducci\u00f3n, la\ndistribuci\u00f3n y la comunicaci\u00f3n p\u00fablica, incluida su modalidad de puesta a\ndisposici\u00f3n, de la totalidad o parte de los contenidos de esta p\u00e1gina web, con\nfines comerciales, en cualquier soporte y por cualquier medio t\u00e9cnico, sin la\nautorizaci\u00f3n de INDABA SOLUTIONS SL.<\/p>\n\n\n\n<p>El usuario se compromete a respetar los derechos de Propiedad Intelectual\ne Industrial titularidad de INDABA SOLUTIONS SL. Podr\u00e1 visualizar los elementos\ndel portal e incluso imprimirlos, copiarlos y almacenarlos en el disco duro de\nsu ordenador o en cualquier otro soporte f\u00edsico siempre y cuando sea, \u00fanica y\nexclusivamente, para su uso personal y privado. El usuario deber\u00e1 abstenerse de\nsuprimir, alterar, eludir o manipular cualquier dispositivo de protecci\u00f3n o\nsistema de seguridad que estuviera instalado en las p\u00e1ginas de INDABA SOLUTIONS\nSL.<\/p>\n\n\n\n<h2 class=\"wp-block-heading\">Acciones\nlegales, legislaci\u00f3n aplicable y jurisdicci\u00f3n<\/h2>\n\n\n\n<p>INDABA SOLUTIONS SL se reserva, asimismo, la facultad de presentar las\nacciones civiles o penales que considere oportunas por la utilizaci\u00f3n indebida\nde su sitio web y contenidos, o por el incumplimiento de las presentes condiciones.<\/p>\n\n\n\n<p>La relaci\u00f3n entre el usuario y el prestador se regir\u00e1 por la normativa\nvigente y de aplicaci\u00f3n en el territorio espa\u00f1ol. De surgir cualquier\ncontroversia las partes podr\u00e1n someter sus conflictos a arbitraje o acudir a la\njurisdicci\u00f3n ordinaria cumpliendo con las normas sobre jurisdicci\u00f3n y\ncompetencia al respecto. INDABA SOLUTIONS SL tiene su domicilio en BARCELONA,\nEspa\u00f1a.<\/p>\n","protected":false},"excerpt":{"rendered":"<p>En cumplimiento de la Ley 34\/2002, de 11 de julio, de Servicios de la Sociedad de la Informaci\u00f3n y de Comercio Electr\u00f3nico (LSSI-CE), INDABA SOLUTIONS SL informa que es titular del sitio web www.indabasolutions.com . De acuerdo con la exigencia del art\u00edculo 10 de la citada Ley, INDABA SOLUTIONS SL informa de los siguientes datos: [&hellip;]<\/p>\n","protected":false},"author":1,"featured_media":0,"parent":0,"menu_order":0,"comment_status":"closed","ping_status":"open","template":"","meta":{"ocean_post_layout":"","ocean_both_sidebars_style":"","ocean_both_sidebars_content_width":0,"ocean_both_sidebars_sidebars_width":0,"ocean_sidebar":"0","ocean_second_sidebar":"0","ocean_disable_margins":"enable","ocean_add_body_class":"","ocean_shortcode_before_top_bar":"","ocean_shortcode_after_top_bar":"","ocean_shortcode_before_header":"","ocean_shortcode_after_header":"","ocean_has_shortcode":"","ocean_shortcode_after_title":"","ocean_shortcode_before_footer_widgets":"","ocean_shortcode_after_footer_widgets":"","ocean_shortcode_before_footer_bottom":"","ocean_shortcode_after_footer_bottom":"","ocean_display_top_bar":"default","ocean_display_header":"default","ocean_header_style":"","ocean_center_header_left_menu":"0","ocean_custom_header_template":"0","ocean_custom_logo":0,"ocean_custom_retina_logo":0,"ocean_custom_logo_max_width":0,"ocean_custom_logo_tablet_max_width":0,"ocean_custom_logo_mobile_max_width":0,"ocean_custom_logo_max_height":0,"ocean_custom_logo_tablet_max_height":0,"ocean_custom_logo_mobile_max_height":0,"ocean_header_custom_menu":"0","ocean_menu_typo_font_family":"0","ocean_menu_typo_font_subset":"","ocean_menu_typo_font_size":0,"ocean_menu_typo_font_size_tablet":0,"ocean_menu_typo_font_size_mobile":0,"ocean_menu_typo_font_size_unit":"px","ocean_menu_typo_font_weight":"","ocean_menu_typo_font_weight_tablet":"","ocean_menu_typo_font_weight_mobile":"","ocean_menu_typo_transform":"","ocean_menu_typo_transform_tablet":"","ocean_menu_typo_transform_mobile":"","ocean_menu_typo_line_height":0,"ocean_menu_typo_line_height_tablet":0,"ocean_menu_typo_line_height_mobile":0,"ocean_menu_typo_line_height_unit":"","ocean_menu_typo_spacing":0,"ocean_menu_typo_spacing_tablet":0,"ocean_menu_typo_spacing_mobile":0,"ocean_menu_typo_spacing_unit":"","ocean_menu_link_color":"","ocean_menu_link_color_hover":"","ocean_menu_link_color_active":"","ocean_menu_link_background":"","ocean_menu_link_hover_background":"","ocean_menu_link_active_background":"","ocean_menu_social_links_bg":"","ocean_menu_social_hover_links_bg":"","ocean_menu_social_links_color":"","ocean_menu_social_hover_links_color":"","ocean_disable_title":"default","ocean_disable_heading":"default","ocean_post_title":"","ocean_post_subheading":"","ocean_post_title_style":"","ocean_post_title_background_color":"","ocean_post_title_background":0,"ocean_post_title_bg_image_position":"","ocean_post_title_bg_image_attachment":"","ocean_post_title_bg_image_repeat":"","ocean_post_title_bg_image_size":"","ocean_post_title_height":0,"ocean_post_title_bg_overlay":0.5,"ocean_post_title_bg_overlay_color":"","ocean_disable_breadcrumbs":"default","ocean_breadcrumbs_color":"","ocean_breadcrumbs_separator_color":"","ocean_breadcrumbs_links_color":"","ocean_breadcrumbs_links_hover_color":"","ocean_display_footer_widgets":"default","ocean_display_footer_bottom":"default","ocean_custom_footer_template":"0","omw_enable_modal_window":"enable","footnotes":""},"class_list":["post-606","page","type-page","status-publish","hentry","entry"],"yoast_head":"<!-- This site is optimized with the Yoast SEO plugin v27.5 - https:\/\/yoast.com\/product\/yoast-seo-wordpress\/ -->\n<title>Privacy Policy - Indaba Solutions<\/title>\n<meta name=\"description\" content=\"In this link, you will find our Privacy Policy. If you have any doubt about it you can send us your questions to hola@indabasolutions.com.\" \/>\n<meta name=\"robots\" content=\"noindex, nofollow\" \/>\n<meta property=\"og:locale\" content=\"en_US\" \/>\n<meta property=\"og:type\" content=\"article\" \/>\n<meta property=\"og:title\" content=\"Privacy Policy - Indaba Solutions\" \/>\n<meta property=\"og:description\" content=\"In this link, you will find our Privacy Policy. If you have any doubt about it you can send us your questions to hola@indabasolutions.com.\" \/>\n<meta property=\"og:url\" content=\"https:\/\/indabasolutions.com\/en\/privacy-policy\/\" \/>\n<meta property=\"og:site_name\" content=\"Indaba Solutions\" \/>\n<meta property=\"article:publisher\" content=\"https:\/\/www.facebook.com\/IndabaSolutions-219937831906770\/?view_public_for=219937831906770\" \/>\n<meta property=\"article:modified_time\" content=\"2020-05-06T12:37:09+00:00\" \/>\n<meta name=\"twitter:card\" content=\"summary_large_image\" \/>\n<meta name=\"twitter:label1\" content=\"Est. reading time\" \/>\n\t<meta name=\"twitter:data1\" content=\"6 minutes\" \/>\n<script type=\"application\/ld+json\" class=\"yoast-schema-graph\">{\"@context\":\"https:\\\/\\\/schema.org\",\"@graph\":[{\"@type\":\"WebPage\",\"@id\":\"https:\\\/\\\/indabasolutions.com\\\/en\\\/privacy-policy\\\/\",\"url\":\"https:\\\/\\\/indabasolutions.com\\\/en\\\/privacy-policy\\\/\",\"name\":\"Privacy Policy - Indaba Solutions\",\"isPartOf\":{\"@id\":\"https:\\\/\\\/indabasolutions.com\\\/#website\"},\"datePublished\":\"2020-01-15T16:19:35+00:00\",\"dateModified\":\"2020-05-06T12:37:09+00:00\",\"description\":\"In this link, you will find our Privacy Policy. If you have any doubt about it you can send us your questions to hola@indabasolutions.com.\",\"breadcrumb\":{\"@id\":\"https:\\\/\\\/indabasolutions.com\\\/en\\\/privacy-policy\\\/#breadcrumb\"},\"inLanguage\":\"en-US\",\"potentialAction\":[{\"@type\":\"ReadAction\",\"target\":[\"https:\\\/\\\/indabasolutions.com\\\/en\\\/privacy-policy\\\/\"]}]},{\"@type\":\"BreadcrumbList\",\"@id\":\"https:\\\/\\\/indabasolutions.com\\\/en\\\/privacy-policy\\\/#breadcrumb\",\"itemListElement\":[{\"@type\":\"ListItem\",\"position\":1,\"name\":\"Portada\",\"item\":\"https:\\\/\\\/indabasolutions.com\\\/en\\\/\"},{\"@type\":\"ListItem\",\"position\":2,\"name\":\"Privacy Policy\"}]},{\"@type\":\"WebSite\",\"@id\":\"https:\\\/\\\/indabasolutions.com\\\/#website\",\"url\":\"https:\\\/\\\/indabasolutions.com\\\/\",\"name\":\"Indaba Solutions\",\"description\":\"eCommerce, Dynamic Publications and Creativity\",\"publisher\":{\"@id\":\"https:\\\/\\\/indabasolutions.com\\\/#organization\"},\"potentialAction\":[{\"@type\":\"SearchAction\",\"target\":{\"@type\":\"EntryPoint\",\"urlTemplate\":\"https:\\\/\\\/indabasolutions.com\\\/?s={search_term_string}\"},\"query-input\":{\"@type\":\"PropertyValueSpecification\",\"valueRequired\":true,\"valueName\":\"search_term_string\"}}],\"inLanguage\":\"en-US\"},{\"@type\":\"Organization\",\"@id\":\"https:\\\/\\\/indabasolutions.com\\\/#organization\",\"name\":\"Indaba Solutions\",\"url\":\"https:\\\/\\\/indabasolutions.com\\\/\",\"logo\":{\"@type\":\"ImageObject\",\"inLanguage\":\"en-US\",\"@id\":\"https:\\\/\\\/indabasolutions.com\\\/#\\\/schema\\\/logo\\\/image\\\/\",\"url\":\"https:\\\/\\\/indabasolutions.com\\\/wp-content\\\/uploads\\\/2019\\\/09\\\/logo-indabasolutions.svg\",\"contentUrl\":\"https:\\\/\\\/indabasolutions.com\\\/wp-content\\\/uploads\\\/2019\\\/09\\\/logo-indabasolutions.svg\",\"width\":1,\"height\":1,\"caption\":\"Indaba Solutions\"},\"image\":{\"@id\":\"https:\\\/\\\/indabasolutions.com\\\/#\\\/schema\\\/logo\\\/image\\\/\"},\"sameAs\":[\"https:\\\/\\\/www.facebook.com\\\/IndabaSolutions-219937831906770\\\/?view_public_for=219937831906770\",\"https:\\\/\\\/www.instagram.com\\\/indabasolutions\\\/\",\"https:\\\/\\\/www.linkedin.com\\\/company\\\/indaba-solutions-sl\",\"https:\\\/\\\/www.youtube.com\\\/channel\\\/UCyDePwuQl3rgO-HzCXKLs7Q\"]}]}<\/script>\n<!-- \/ Yoast SEO plugin. -->","yoast_head_json":{"title":"Privacy Policy - Indaba Solutions","description":"In this link, you will find our Privacy Policy. If you have any doubt about it you can send us your questions to hola@indabasolutions.com.","robots":{"index":"noindex","follow":"nofollow"},"og_locale":"en_US","og_type":"article","og_title":"Privacy Policy - Indaba Solutions","og_description":"In this link, you will find our Privacy Policy. If you have any doubt about it you can send us your questions to hola@indabasolutions.com.","og_url":"https:\/\/indabasolutions.com\/en\/privacy-policy\/","og_site_name":"Indaba Solutions","article_publisher":"https:\/\/www.facebook.com\/IndabaSolutions-219937831906770\/?view_public_for=219937831906770","article_modified_time":"2020-05-06T12:37:09+00:00","twitter_card":"summary_large_image","twitter_misc":{"Est. reading time":"6 minutes"},"schema":{"@context":"https:\/\/schema.org","@graph":[{"@type":"WebPage","@id":"https:\/\/indabasolutions.com\/en\/privacy-policy\/","url":"https:\/\/indabasolutions.com\/en\/privacy-policy\/","name":"Privacy Policy - Indaba Solutions","isPartOf":{"@id":"https:\/\/indabasolutions.com\/#website"},"datePublished":"2020-01-15T16:19:35+00:00","dateModified":"2020-05-06T12:37:09+00:00","description":"In this link, you will find our Privacy Policy. If you have any doubt about it you can send us your questions to hola@indabasolutions.com.","breadcrumb":{"@id":"https:\/\/indabasolutions.com\/en\/privacy-policy\/#breadcrumb"},"inLanguage":"en-US","potentialAction":[{"@type":"ReadAction","target":["https:\/\/indabasolutions.com\/en\/privacy-policy\/"]}]},{"@type":"BreadcrumbList","@id":"https:\/\/indabasolutions.com\/en\/privacy-policy\/#breadcrumb","itemListElement":[{"@type":"ListItem","position":1,"name":"Portada","item":"https:\/\/indabasolutions.com\/en\/"},{"@type":"ListItem","position":2,"name":"Privacy Policy"}]},{"@type":"WebSite","@id":"https:\/\/indabasolutions.com\/#website","url":"https:\/\/indabasolutions.com\/","name":"Indaba Solutions","description":"eCommerce, Dynamic Publications and Creativity","publisher":{"@id":"https:\/\/indabasolutions.com\/#organization"},"potentialAction":[{"@type":"SearchAction","target":{"@type":"EntryPoint","urlTemplate":"https:\/\/indabasolutions.com\/?s={search_term_string}"},"query-input":{"@type":"PropertyValueSpecification","valueRequired":true,"valueName":"search_term_string"}}],"inLanguage":"en-US"},{"@type":"Organization","@id":"https:\/\/indabasolutions.com\/#organization","name":"Indaba Solutions","url":"https:\/\/indabasolutions.com\/","logo":{"@type":"ImageObject","inLanguage":"en-US","@id":"https:\/\/indabasolutions.com\/#\/schema\/logo\/image\/","url":"https:\/\/indabasolutions.com\/wp-content\/uploads\/2019\/09\/logo-indabasolutions.svg","contentUrl":"https:\/\/indabasolutions.com\/wp-content\/uploads\/2019\/09\/logo-indabasolutions.svg","width":1,"height":1,"caption":"Indaba Solutions"},"image":{"@id":"https:\/\/indabasolutions.com\/#\/schema\/logo\/image\/"},"sameAs":["https:\/\/www.facebook.com\/IndabaSolutions-219937831906770\/?view_public_for=219937831906770","https:\/\/www.instagram.com\/indabasolutions\/","https:\/\/www.linkedin.com\/company\/indaba-solutions-sl","https:\/\/www.youtube.com\/channel\/UCyDePwuQl3rgO-HzCXKLs7Q"]}]}},"_links":{"self":[{"href":"https:\/\/indabasolutions.com\/en\/wp-json\/wp\/v2\/pages\/606","targetHints":{"allow":["GET"]}}],"collection":[{"href":"https:\/\/indabasolutions.com\/en\/wp-json\/wp\/v2\/pages"}],"about":[{"href":"https:\/\/indabasolutions.com\/en\/wp-json\/wp\/v2\/types\/page"}],"author":[{"embeddable":true,"href":"https:\/\/indabasolutions.com\/en\/wp-json\/wp\/v2\/users\/1"}],"replies":[{"embeddable":true,"href":"https:\/\/indabasolutions.com\/en\/wp-json\/wp\/v2\/comments?post=606"}],"version-history":[{"count":1,"href":"https:\/\/indabasolutions.com\/en\/wp-json\/wp\/v2\/pages\/606\/revisions"}],"predecessor-version":[{"id":607,"href":"https:\/\/indabasolutions.com\/en\/wp-json\/wp\/v2\/pages\/606\/revisions\/607"}],"wp:attachment":[{"href":"https:\/\/indabasolutions.com\/en\/wp-json\/wp\/v2\/media?parent=606"}],"curies":[{"name":"wp","href":"https:\/\/api.w.org\/{rel}","templated":true}]}}