{"id":608,"date":"2020-01-15T17:22:04","date_gmt":"2020-01-15T16:22:04","guid":{"rendered":"https:\/\/indabasolutions.com\/?page_id=608"},"modified":"2025-03-26T11:53:46","modified_gmt":"2025-03-26T10:53:46","slug":"cookies-policy","status":"publish","type":"page","link":"https:\/\/indabasolutions.com\/en\/cookies-policy\/","title":{"rendered":"Cookies policy"},"content":{"rendered":"\r\n<p>De conformidad con lo establecido en la Ley 34\/2002, de 11 de julio, de Servicios de la Sociedad de la Informaci\u00f3n y de Comercio Electr\u00f3nico, \u00a0y el Reglamento (UE) 2016\/679 del Parlamento Europeo y del Consejo de 27 de abril de 2016, informamos a los interesados acerca de las cookies que emplea este sitio web.<\/p>\r\n\r\n\r\n\r\n<h4 class=\"wp-block-heading\"><strong>\u00bfQu\u00e9 son las cookies?<\/strong><\/h4>\r\n\r\n\r\n\r\n<p>Una Cookie es un fichero que se descarga en su ordenador al acceder a determinadas p\u00e1ginas web. Las cookies permiten a una p\u00e1gina web, entre otras cosas, almacenar y recuperar informaci\u00f3n sobre los h\u00e1bitos de navegaci\u00f3n de un usuario o de su equipo y, dependiendo de la informaci\u00f3n que contenga y de la forma en que utilice su equipo, pueden utilizarse para reconocer al usuario.<\/p>\r\n\r\n\r\n\r\n<p>Las cookies son esenciales para el funcionamiento de internet, aportando innumerables ventajas en la prestaci\u00f3n de servicios interactivos, facilit\u00e1ndole la navegaci\u00f3n y usabilidad de nuestra web.<\/p>\r\n\r\n\r\n\r\n<p>La informaci\u00f3n que le proporcionamos a continuaci\u00f3n, le ayudar\u00e1 a comprender los diferentes tipos de cookies:<\/p>\r\n\r\n\r\n\r\n<h4 class=\"wp-block-heading\"><strong>\u00bfQu\u00e9 tipos de cookies utiliza esta p\u00e1gina web?<\/strong><\/h4>\r\n\r\n\r\n\r\n<p>Siguiendo las directrices de la Agencia Espa\u00f1ola de Protecci\u00f3n de Datos, procedemos a detallar el uso de las <em>cookies<\/em> que esta p\u00e1gina web emplea, \u00a0con el fin de proporcionarle la m\u00e1xima informaci\u00f3n posible.<\/p>\r\n\r\n\r\n\r\n<h5 class=\"wp-block-heading\"><strong>Cookies Propias<\/strong><\/h5>\r\n\r\n\r\n\r\n<p>Son aqu\u00e9llas que se env\u00edan al equipo terminal del usuario desde un equipo o dominio gestionado por el propio editor y desde el que se presta el servicio solicitado por el usuario.<\/p>\r\n\r\n\r\n\r\n<p>A continuaci\u00f3n la lista de las que utilizamos:<\/p>\r\n\r\n\r\n\r\n<figure class=\"wp-block-table\">\r\n<table>\r\n<tbody>\r\n<tr>\r\n<td><strong>Nombre<\/strong><\/td>\r\n<td><strong>Tipo<\/strong><\/td>\r\n<td><strong>Proveedor<\/strong><\/td>\r\n<td><strong>Finalidad<\/strong><\/td>\r\n<\/tr>\r\n<tr>\r\n<td>_icl_current_language<\/td>\r\n<td>T\u00e9cnica<\/td>\r\n<td>wpml.org<\/td>\r\n<td>Guardar el idioma activo<\/td>\r\n<\/tr>\r\n<tr>\r\n<td>_icl_current_admin_language_{hash}<\/td>\r\n<td>T\u00e9cnica<\/td>\r\n<td>wpml.org<\/td>\r\n<td>Guardar el idioma del \u00e1rea de administraci\u00f3n de WordPress<\/td>\r\n<\/tr>\r\n<tr>\r\n<td>_icl_visitor_lang_js<\/td>\r\n<td>T\u00e9cnica<\/td>\r\n<td>wpml.org<\/td>\r\n<td>Guardar el idioma redirigido<\/td>\r\n<\/tr>\r\n<tr>\r\n<td>wpml_browser_redirect_test<\/td>\r\n<td>T\u00e9cnica<\/td>\r\n<td>wpml.org<\/td>\r\n<td>Comprobar si las cookies est\u00e1n activas<\/td>\r\n<\/tr>\r\n<tr>\r\n<td>wpml_referer_url<\/td>\r\n<td>T\u00e9cnica<\/td>\r\n<td>wpml.org<\/td>\r\n<td>Guardar la \u00faltima petici\u00f3n URL en el front end<\/td>\r\n<\/tr>\r\n<tr>\r\n<td>wpml_admin_referer_url<\/td>\r\n<td>T\u00e9cnica<\/td>\r\n<td>wpml.org<\/td>\r\n<td>Guardar la \u00faltima petici\u00f3n URL en el back end<\/td>\r\n<\/tr>\r\n<tr>\r\n<td>ct-ultimate-gdpr-cookie, ct-ultimate-gdpr-cookie-level<\/td>\r\n<td>T\u00e9cnica<\/td>\r\n<td>Ultimate GDPR<\/td>\r\n<td>Recoger la aceptaci\u00f3n de la pol\u00edtica de cookies.<\/td>\r\n<\/tr>\r\n<\/tbody>\r\n<\/table>\r\n<\/figure>\r\n\r\n\r\n\r\n<h5 class=\"wp-block-heading\"><strong>Cookies de terceros<\/strong><\/h5>\r\n\r\n\r\n\r\n<p>Son aqu\u00e9llas que se env\u00edan al equipo terminal del usuario desde un equipo o dominio que no es gestionado por el editor, sino por otra entidad que trata los datos obtenidos trav\u00e9s de las cookies.<\/p>\r\n\r\n\r\n\r\n<p>A continuaci\u00f3n la lista de las que utilizamos:<\/p>\r\n\r\n\r\n\r\n<figure class=\"wp-block-table\">\r\n<table>\r\n<tbody>\r\n<tr>\r\n<td><strong>Nombre<\/strong><\/td>\r\n<td><strong>Tipo<\/strong><\/td>\r\n<td><strong>Proveedor<\/strong><\/td>\r\n<td><strong>Finalidad<\/strong><\/td>\r\n<\/tr>\r\n<tr>\r\n<td>Google Analytics (_ga, _gid)<\/td>\r\n<td>Anal\u00edtica<\/td>\r\n<td>Google<\/td>\r\n<td>Informes estad\u00edsticos sobre el tr\u00e1fico del sitio web, su audiencia total y la audiencia en una determinada campa\u00f1a publicitaria<\/td>\r\n<\/tr>\r\n<\/tbody>\r\n<\/table>\r\n<\/figure>\r\n\r\n\r\n\r\n<p><strong>INDABA SOLUTIONS SL<\/strong> no se hace responsable, en ning\u00fan caso, ni del contenido ni de la veracidad de las pol\u00edticas y\/o condiciones de uso y privacidad de los terceros, incluidos, a trav\u00e9s de los enlaces, en esta pol\u00edtica.<\/p>\r\n<p><a href=\"#cookiesAndContentPolicySettings\">Editar la configuraci\u00f3n<\/a><\/p>\r\n\r\n\r\n\r\n<h4 class=\"wp-block-heading\"><strong>C\u00f3mo bloquear o eliminar las cookies instaladas<\/strong><\/h4>\r\n\r\n\r\n\r\n<p>Puede usted permitir, bloquear o eliminar las cookies instaladas en su equipo mediante la configuraci\u00f3n de las opciones de su navegador. Puede encontrar informaci\u00f3n sobre c\u00f3mo hacerlo, en relaci\u00f3n con los navegadores m\u00e1s comunes en los links que se incluyen a continuaci\u00f3n:<\/p>\r\n\r\n\r\n\r\n<ul class=\"wp-block-list\">\r\n<li>Explorer: <a href=\"https:\/\/support.microsoft.com\/es-es\/kb\/278835\">https:\/\/support.microsoft.com\/es-es\/kb\/278835<\/a><\/li>\r\n<li>Microsoft Edge<strong>: <\/strong><a href=\"https:\/\/privacy.microsoft.com\/es-es\/windows-10-microsoft-edge-and-privacy\">https:\/\/privacy.microsoft.com\/es-es\/windows-10-microsoft-edge-and-privacy<\/a><\/li>\r\n<li>Chrome:<a href=\"http:\/\/support.google.com\/chrome\/bin\/answer.py?hl=es&amp;answer=95647\">https:\/\/support.google.com\/chrome\/answer\/95647?co=GENIE.Platform%3DDesktop&amp;hl=esttp:\/\/support.google.com\/chrome\/bin\/answer.py?hl=es&amp;answer=95647<\/a><\/li>\r\n<li>Firefox: <a href=\"http:\/\/support.mozilla.org\/es\/kb\/Borrar%20cookies\">http:\/\/support.mozilla.org\/es\/kb\/Borrar%20cookies<\/a><\/li>\r\n<li>Safari: <a href=\"http:\/\/support.apple.com\/kb\/ph5042\">http:\/\/support.apple.com\/kb\/ph5042<\/a>.<\/li>\r\n<\/ul>\r\n\r\n\r\n\r\n<p>Le informamos, no obstante, de la posibilidad de que la desactivaci\u00f3n de alguna cookie impida o dificulte la navegaci\u00f3n o la prestaci\u00f3n de los servicios ofrecidos en la p\u00e1gina web.<\/p>\r\n\r\n\r\n\r\n<h4 class=\"wp-block-heading\"><strong>Modificaciones<\/strong><\/h4>\r\n\r\n\r\n\r\n<p>La presente pol\u00edtica de cookies puede verse modificada en funci\u00f3n de las exigencias legales establecidas o con la finalidad de adaptar dicha pol\u00edtica a las instrucciones dictadas por la Agencia Espa\u00f1ola de Protecci\u00f3n de Datos.<\/p>\r\n\r\n\r\n\r\n<p>Por esta raz\u00f3n, aconsejamos a los usuarios que \u00a0visiten peri\u00f3dicamente nuestra\u00a0 pol\u00edtica de cookies.<\/p>\r\n\r\n\r\n\r\n<p>Cuando se produzcan cambios significativos en esta pol\u00edtica, en la medida de nuestras posibilidades, comunicaremos a los usuarios estos cambios mediante un aviso en nuestra p\u00e1gina web.<\/p>\r\n\r\n\r\n\r\n<p>Si tiene dudas acerca de esta pol\u00edtica de cookies, puede contactar con INDABA SOLUTIONS SL a trav\u00e9s del correo electr\u00f3nico <a href=\"mailto:hola@indabasolutions.com\" target=\"_blank\" rel=\"noreferrer noopener\" aria-label=\"hola@indabasolutions.com (se abre en una nueva pesta\u00f1a)\">hola@indabasolutions.com<\/a><\/p>\r\n","protected":false},"excerpt":{"rendered":"<p>De conformidad con lo establecido en la Ley 34\/2002, de 11 de julio, de Servicios de la Sociedad de la Informaci\u00f3n y de Comercio Electr\u00f3nico, \u00a0y el Reglamento (UE) 2016\/679 del Parlamento Europeo y del Consejo de 27 de abril de 2016, informamos a los interesados acerca de las cookies que emplea este sitio web. [&hellip;]<\/p>\n","protected":false},"author":1,"featured_media":0,"parent":0,"menu_order":0,"comment_status":"closed","ping_status":"closed","template":"","meta":{"ocean_post_layout":"","ocean_both_sidebars_style":"","ocean_both_sidebars_content_width":0,"ocean_both_sidebars_sidebars_width":0,"ocean_sidebar":"0","ocean_second_sidebar":"0","ocean_disable_margins":"enable","ocean_add_body_class":"","ocean_shortcode_before_top_bar":"","ocean_shortcode_after_top_bar":"","ocean_shortcode_before_header":"","ocean_shortcode_after_header":"","ocean_has_shortcode":"","ocean_shortcode_after_title":"","ocean_shortcode_before_footer_widgets":"","ocean_shortcode_after_footer_widgets":"","ocean_shortcode_before_footer_bottom":"","ocean_shortcode_after_footer_bottom":"","ocean_display_top_bar":"default","ocean_display_header":"default","ocean_header_style":"","ocean_center_header_left_menu":"0","ocean_custom_header_template":"0","ocean_custom_logo":0,"ocean_custom_retina_logo":0,"ocean_custom_logo_max_width":0,"ocean_custom_logo_tablet_max_width":0,"ocean_custom_logo_mobile_max_width":0,"ocean_custom_logo_max_height":0,"ocean_custom_logo_tablet_max_height":0,"ocean_custom_logo_mobile_max_height":0,"ocean_header_custom_menu":"0","ocean_menu_typo_font_family":"0","ocean_menu_typo_font_subset":"","ocean_menu_typo_font_size":0,"ocean_menu_typo_font_size_tablet":0,"ocean_menu_typo_font_size_mobile":0,"ocean_menu_typo_font_size_unit":"px","ocean_menu_typo_font_weight":"","ocean_menu_typo_font_weight_tablet":"","ocean_menu_typo_font_weight_mobile":"","ocean_menu_typo_transform":"","ocean_menu_typo_transform_tablet":"","ocean_menu_typo_transform_mobile":"","ocean_menu_typo_line_height":0,"ocean_menu_typo_line_height_tablet":0,"ocean_menu_typo_line_height_mobile":0,"ocean_menu_typo_line_height_unit":"","ocean_menu_typo_spacing":0,"ocean_menu_typo_spacing_tablet":0,"ocean_menu_typo_spacing_mobile":0,"ocean_menu_typo_spacing_unit":"","ocean_menu_link_color":"","ocean_menu_link_color_hover":"","ocean_menu_link_color_active":"","ocean_menu_link_background":"","ocean_menu_link_hover_background":"","ocean_menu_link_active_background":"","ocean_menu_social_links_bg":"","ocean_menu_social_hover_links_bg":"","ocean_menu_social_links_color":"","ocean_menu_social_hover_links_color":"","ocean_disable_title":"default","ocean_disable_heading":"default","ocean_post_title":"","ocean_post_subheading":"","ocean_post_title_style":"","ocean_post_title_background_color":"","ocean_post_title_background":0,"ocean_post_title_bg_image_position":"","ocean_post_title_bg_image_attachment":"","ocean_post_title_bg_image_repeat":"","ocean_post_title_bg_image_size":"","ocean_post_title_height":0,"ocean_post_title_bg_overlay":0.5,"ocean_post_title_bg_overlay_color":"","ocean_disable_breadcrumbs":"default","ocean_breadcrumbs_color":"","ocean_breadcrumbs_separator_color":"","ocean_breadcrumbs_links_color":"","ocean_breadcrumbs_links_hover_color":"","ocean_display_footer_widgets":"default","ocean_display_footer_bottom":"default","ocean_custom_footer_template":"0","omw_enable_modal_window":"enable","footnotes":""},"class_list":["post-608","page","type-page","status-publish","hentry","entry"],"yoast_head":"<!-- This site is optimized with the Yoast SEO plugin v27.5 - https:\/\/yoast.com\/product\/yoast-seo-wordpress\/ -->\n<title>Cookies policy - Indaba Solutions<\/title>\n<meta name=\"description\" content=\"In this link, we inform interested users about the cookies used by this website. Anyway, you can contact us via the next email hola@indabasolutions.com\" \/>\n<meta name=\"robots\" content=\"noindex, nofollow\" \/>\n<meta property=\"og:locale\" content=\"en_US\" \/>\n<meta property=\"og:type\" content=\"article\" \/>\n<meta property=\"og:title\" content=\"Cookies policy - Indaba Solutions\" \/>\n<meta property=\"og:description\" content=\"In this link, we inform interested users about the cookies used by this website. Anyway, you can contact us via the next email hola@indabasolutions.com\" \/>\n<meta property=\"og:url\" content=\"https:\/\/indabasolutions.com\/en\/cookies-policy\/\" \/>\n<meta property=\"og:site_name\" content=\"Indaba Solutions\" \/>\n<meta property=\"article:publisher\" content=\"https:\/\/www.facebook.com\/IndabaSolutions-219937831906770\/?view_public_for=219937831906770\" \/>\n<meta property=\"article:modified_time\" content=\"2025-03-26T10:53:46+00:00\" \/>\n<meta name=\"twitter:card\" content=\"summary_large_image\" \/>\n<meta name=\"twitter:label1\" content=\"Est. reading time\" \/>\n\t<meta name=\"twitter:data1\" content=\"3 minutes\" \/>\n<script type=\"application\/ld+json\" class=\"yoast-schema-graph\">{\"@context\":\"https:\\\/\\\/schema.org\",\"@graph\":[{\"@type\":\"WebPage\",\"@id\":\"https:\\\/\\\/indabasolutions.com\\\/en\\\/cookies-policy\\\/\",\"url\":\"https:\\\/\\\/indabasolutions.com\\\/en\\\/cookies-policy\\\/\",\"name\":\"Cookies policy - Indaba Solutions\",\"isPartOf\":{\"@id\":\"https:\\\/\\\/indabasolutions.com\\\/#website\"},\"datePublished\":\"2020-01-15T16:22:04+00:00\",\"dateModified\":\"2025-03-26T10:53:46+00:00\",\"description\":\"In this link, we inform interested users about the cookies used by this website. Anyway, you can contact us via the next email hola@indabasolutions.com\",\"breadcrumb\":{\"@id\":\"https:\\\/\\\/indabasolutions.com\\\/en\\\/cookies-policy\\\/#breadcrumb\"},\"inLanguage\":\"en-US\",\"potentialAction\":[{\"@type\":\"ReadAction\",\"target\":[\"https:\\\/\\\/indabasolutions.com\\\/en\\\/cookies-policy\\\/\"]}]},{\"@type\":\"BreadcrumbList\",\"@id\":\"https:\\\/\\\/indabasolutions.com\\\/en\\\/cookies-policy\\\/#breadcrumb\",\"itemListElement\":[{\"@type\":\"ListItem\",\"position\":1,\"name\":\"Portada\",\"item\":\"https:\\\/\\\/indabasolutions.com\\\/en\\\/\"},{\"@type\":\"ListItem\",\"position\":2,\"name\":\"Cookies policy\"}]},{\"@type\":\"WebSite\",\"@id\":\"https:\\\/\\\/indabasolutions.com\\\/#website\",\"url\":\"https:\\\/\\\/indabasolutions.com\\\/\",\"name\":\"Indaba Solutions\",\"description\":\"eCommerce, Dynamic Publications and Creativity\",\"publisher\":{\"@id\":\"https:\\\/\\\/indabasolutions.com\\\/#organization\"},\"potentialAction\":[{\"@type\":\"SearchAction\",\"target\":{\"@type\":\"EntryPoint\",\"urlTemplate\":\"https:\\\/\\\/indabasolutions.com\\\/?s={search_term_string}\"},\"query-input\":{\"@type\":\"PropertyValueSpecification\",\"valueRequired\":true,\"valueName\":\"search_term_string\"}}],\"inLanguage\":\"en-US\"},{\"@type\":\"Organization\",\"@id\":\"https:\\\/\\\/indabasolutions.com\\\/#organization\",\"name\":\"Indaba Solutions\",\"url\":\"https:\\\/\\\/indabasolutions.com\\\/\",\"logo\":{\"@type\":\"ImageObject\",\"inLanguage\":\"en-US\",\"@id\":\"https:\\\/\\\/indabasolutions.com\\\/#\\\/schema\\\/logo\\\/image\\\/\",\"url\":\"https:\\\/\\\/indabasolutions.com\\\/wp-content\\\/uploads\\\/2019\\\/09\\\/logo-indabasolutions.svg\",\"contentUrl\":\"https:\\\/\\\/indabasolutions.com\\\/wp-content\\\/uploads\\\/2019\\\/09\\\/logo-indabasolutions.svg\",\"width\":1,\"height\":1,\"caption\":\"Indaba Solutions\"},\"image\":{\"@id\":\"https:\\\/\\\/indabasolutions.com\\\/#\\\/schema\\\/logo\\\/image\\\/\"},\"sameAs\":[\"https:\\\/\\\/www.facebook.com\\\/IndabaSolutions-219937831906770\\\/?view_public_for=219937831906770\",\"https:\\\/\\\/www.instagram.com\\\/indabasolutions\\\/\",\"https:\\\/\\\/www.linkedin.com\\\/company\\\/indaba-solutions-sl\",\"https:\\\/\\\/www.youtube.com\\\/channel\\\/UCyDePwuQl3rgO-HzCXKLs7Q\"]}]}<\/script>\n<!-- \/ Yoast SEO plugin. -->","yoast_head_json":{"title":"Cookies policy - Indaba Solutions","description":"In this link, we inform interested users about the cookies used by this website. Anyway, you can contact us via the next email hola@indabasolutions.com","robots":{"index":"noindex","follow":"nofollow"},"og_locale":"en_US","og_type":"article","og_title":"Cookies policy - Indaba Solutions","og_description":"In this link, we inform interested users about the cookies used by this website. Anyway, you can contact us via the next email hola@indabasolutions.com","og_url":"https:\/\/indabasolutions.com\/en\/cookies-policy\/","og_site_name":"Indaba Solutions","article_publisher":"https:\/\/www.facebook.com\/IndabaSolutions-219937831906770\/?view_public_for=219937831906770","article_modified_time":"2025-03-26T10:53:46+00:00","twitter_card":"summary_large_image","twitter_misc":{"Est. reading time":"3 minutes"},"schema":{"@context":"https:\/\/schema.org","@graph":[{"@type":"WebPage","@id":"https:\/\/indabasolutions.com\/en\/cookies-policy\/","url":"https:\/\/indabasolutions.com\/en\/cookies-policy\/","name":"Cookies policy - Indaba Solutions","isPartOf":{"@id":"https:\/\/indabasolutions.com\/#website"},"datePublished":"2020-01-15T16:22:04+00:00","dateModified":"2025-03-26T10:53:46+00:00","description":"In this link, we inform interested users about the cookies used by this website. Anyway, you can contact us via the next email hola@indabasolutions.com","breadcrumb":{"@id":"https:\/\/indabasolutions.com\/en\/cookies-policy\/#breadcrumb"},"inLanguage":"en-US","potentialAction":[{"@type":"ReadAction","target":["https:\/\/indabasolutions.com\/en\/cookies-policy\/"]}]},{"@type":"BreadcrumbList","@id":"https:\/\/indabasolutions.com\/en\/cookies-policy\/#breadcrumb","itemListElement":[{"@type":"ListItem","position":1,"name":"Portada","item":"https:\/\/indabasolutions.com\/en\/"},{"@type":"ListItem","position":2,"name":"Cookies policy"}]},{"@type":"WebSite","@id":"https:\/\/indabasolutions.com\/#website","url":"https:\/\/indabasolutions.com\/","name":"Indaba Solutions","description":"eCommerce, Dynamic Publications and Creativity","publisher":{"@id":"https:\/\/indabasolutions.com\/#organization"},"potentialAction":[{"@type":"SearchAction","target":{"@type":"EntryPoint","urlTemplate":"https:\/\/indabasolutions.com\/?s={search_term_string}"},"query-input":{"@type":"PropertyValueSpecification","valueRequired":true,"valueName":"search_term_string"}}],"inLanguage":"en-US"},{"@type":"Organization","@id":"https:\/\/indabasolutions.com\/#organization","name":"Indaba Solutions","url":"https:\/\/indabasolutions.com\/","logo":{"@type":"ImageObject","inLanguage":"en-US","@id":"https:\/\/indabasolutions.com\/#\/schema\/logo\/image\/","url":"https:\/\/indabasolutions.com\/wp-content\/uploads\/2019\/09\/logo-indabasolutions.svg","contentUrl":"https:\/\/indabasolutions.com\/wp-content\/uploads\/2019\/09\/logo-indabasolutions.svg","width":1,"height":1,"caption":"Indaba Solutions"},"image":{"@id":"https:\/\/indabasolutions.com\/#\/schema\/logo\/image\/"},"sameAs":["https:\/\/www.facebook.com\/IndabaSolutions-219937831906770\/?view_public_for=219937831906770","https:\/\/www.instagram.com\/indabasolutions\/","https:\/\/www.linkedin.com\/company\/indaba-solutions-sl","https:\/\/www.youtube.com\/channel\/UCyDePwuQl3rgO-HzCXKLs7Q"]}]}},"_links":{"self":[{"href":"https:\/\/indabasolutions.com\/en\/wp-json\/wp\/v2\/pages\/608","targetHints":{"allow":["GET"]}}],"collection":[{"href":"https:\/\/indabasolutions.com\/en\/wp-json\/wp\/v2\/pages"}],"about":[{"href":"https:\/\/indabasolutions.com\/en\/wp-json\/wp\/v2\/types\/page"}],"author":[{"embeddable":true,"href":"https:\/\/indabasolutions.com\/en\/wp-json\/wp\/v2\/users\/1"}],"replies":[{"embeddable":true,"href":"https:\/\/indabasolutions.com\/en\/wp-json\/wp\/v2\/comments?post=608"}],"version-history":[{"count":3,"href":"https:\/\/indabasolutions.com\/en\/wp-json\/wp\/v2\/pages\/608\/revisions"}],"predecessor-version":[{"id":1544,"href":"https:\/\/indabasolutions.com\/en\/wp-json\/wp\/v2\/pages\/608\/revisions\/1544"}],"wp:attachment":[{"href":"https:\/\/indabasolutions.com\/en\/wp-json\/wp\/v2\/media?parent=608"}],"curies":[{"name":"wp","href":"https:\/\/api.w.org\/{rel}","templated":true}]}}